{"id":1530,"date":"2025-09-05T03:45:30","date_gmt":"2025-09-05T03:45:30","guid":{"rendered":"https:\/\/purenourishbio.com\/?post_type=product&#038;p=1530"},"modified":"2025-09-23T07:15:08","modified_gmt":"2025-09-23T07:15:08","slug":"organic-turkey-tail-extract","status":"publish","type":"product","link":"https:\/\/purenourishbio.com\/fr\/produit\/organic-turkey-tail-extract\/","title":{"rendered":"Extrait de queue de dinde biologique"},"content":{"rendered":"<p><strong><img fetchpriority=\"high\" decoding=\"async\" class=\"alignleft size-large wp-image-1522\" src=\"https:\/\/purenourishbio.com\/wp-content\/uploads\/2025\/07\/function-turkey-tail-1024x179.png\" alt=\"\" width=\"1024\" height=\"179\" srcset=\"https:\/\/purenourishbio.com\/wp-content\/uploads\/2025\/07\/function-turkey-tail-1024x179.png 1024w, https:\/\/purenourishbio.com\/wp-content\/uploads\/2025\/07\/function-turkey-tail-300x52.png 300w, https:\/\/purenourishbio.com\/wp-content\/uploads\/2025\/07\/function-turkey-tail-768x134.png 768w, https:\/\/purenourishbio.com\/wp-content\/uploads\/2025\/07\/function-turkey-tail-18x3.png 18w, https:\/\/purenourishbio.com\/wp-content\/uploads\/2025\/07\/function-turkey-tail-150x26.png 150w, https:\/\/purenourishbio.com\/wp-content\/uploads\/2025\/07\/function-turkey-tail.png 1190w\" sizes=\"(max-width: 1024px) 100vw, 1024px\" \/><\/strong><\/p>\n<p>Les polysaccharides de la queue de dinde ont des effets h\u00e9patoprotecteurs, r\u00e9duisant significativement les taux de transaminases s\u00e9riques et ayant un effet r\u00e9parateur significatif sur les l\u00e9sions du tissu h\u00e9patique et la n\u00e9crose du foie.<\/p>\n<table style=\"height: 391px; width: 67.3735%; border-collapse: collapse; border-color: #080000; border-style: solid;\">\n<caption>\u00a0<\/caption>\n<tbody>\n<tr style=\"height: 24px;\">\n<td style=\"width: 99.5182%; height: 24px;\" colspan=\"3\">Laboratoires d&#039;essais\u00a0: Alkemist Lab, Eurofins, etc.<\/td>\n<\/tr>\n<tr style=\"height: 24px;\">\n<td style=\"width: 99.5182%; height: 24px;\" colspan=\"3\">\u00c9l\u00e9ments de test<\/td>\n<\/tr>\n<tr style=\"height: 24px;\">\n<td style=\"width: 28.9157%; height: 24px;\">IDENTIFIANT<\/td>\n<td style=\"width: 38.3133%; height: 24px;\">Queue de dinde<\/td>\n<td style=\"width: 32.2892%; height: 24px;\">Caract\u00e9ristiques<\/td>\n<\/tr>\n<tr style=\"height: 10px;\">\n<td style=\"height: 57px; width: 28.9157%;\" rowspan=\"2\">Ingr\u00e9dients fonctionnels<\/td>\n<td style=\"width: 38.3133%; height: 10px;\"><strong>B\u00eata-glucane<span style=\"font-size: 10pt; color: #ff0000;\"> (Aucun op\u00e9rateur)<\/span><\/strong><\/td>\n<td style=\"width: 32.2892%; height: 10px;\">20%\u201340% <span style=\"font-size: 10pt;\">(Kit Megazyme K-YBGL)<\/span><\/td>\n<\/tr>\n<tr style=\"height: 23px;\">\n<td style=\"width: 38.3133%; height: 23px;\"><strong>Polysaccharides<\/strong><\/td>\n<td style=\"width: 32.2892%; height: 23px;\">10%\u201350%<\/td>\n<\/tr>\n<tr style=\"height: 24px;\">\n<td style=\"width: 28.9157%; height: 96px;\" rowspan=\"4\">Heavy Metal<\/td>\n<td style=\"width: 38.3133%; height: 24px;\">Plomb (Pb)<\/td>\n<td style=\"width: 32.2892%; height: 24px;\">&lt;1,0 mg\/kg<\/td>\n<\/tr>\n<tr style=\"height: 24px;\">\n<td style=\"width: 38.3133%; height: 24px;\">Arsenic (As)<\/td>\n<td style=\"width: 32.2892%; height: 24px;\">&lt;1,0 mg\/kg<\/td>\n<\/tr>\n<tr style=\"height: 24px;\">\n<td style=\"width: 38.3133%; height: 24px;\">Cadmium (Cd)<\/td>\n<td style=\"width: 32.2892%; height: 24px;\">&lt;1,0 mg\/kg<\/td>\n<\/tr>\n<tr style=\"height: 24px;\">\n<td style=\"width: 38.3133%; height: 24px;\">Mercure (Hg)<\/td>\n<td style=\"width: 32.2892%; height: 24px;\">&lt;0,1 mg\/kg<\/td>\n<\/tr>\n<tr style=\"height: 24px;\">\n<td style=\"width: 28.9157%; height: 24px;\">Pesticides<\/td>\n<td style=\"width: 38.3133%; height: 24px;\">539 articles de pesticides<\/td>\n<td style=\"width: 32.2892%; height: 24px;\">Respecter les exigences de l&#039;USP<\/td>\n<\/tr>\n<tr style=\"height: 24px;\">\n<td style=\"width: 28.9157%; height: 142px;\" rowspan=\"6\">Microbe<\/td>\n<td style=\"width: 38.3133%; height: 24px;\">Num\u00e9ration totale sur plaque<\/td>\n<td style=\"width: 32.2892%; height: 24px;\">&lt;3 000 UFC\/g<\/td>\n<\/tr>\n<tr style=\"height: 24px;\">\n<td style=\"width: 38.3133%; height: 24px;\">Levures et moisissures<\/td>\n<td style=\"width: 32.2892%; height: 24px;\">&lt;100 UFC\/g<\/td>\n<\/tr>\n<tr style=\"height: 22px;\">\n<td style=\"width: 38.3133%; height: 22px;\">Coliformes<\/td>\n<td style=\"width: 32.2892%; height: 22px;\">&lt;10 UFC\/g<\/td>\n<\/tr>\n<tr style=\"height: 24px;\">\n<td style=\"width: 38.3133%; height: 24px;\">E. coli.<\/td>\n<td style=\"width: 32.2892%; height: 24px;\">N\u00e9gatif<\/td>\n<\/tr>\n<tr style=\"height: 24px;\">\n<td style=\"width: 38.3133%; height: 24px;\">Salmonelle<\/td>\n<td style=\"width: 32.2892%; height: 24px;\">N\u00e9gatif<\/td>\n<\/tr>\n<tr style=\"height: 24px;\">\n<td style=\"width: 38.3133%; height: 24px;\">Staphylocoque dor\u00e9<\/td>\n<td style=\"width: 32.2892%; height: 24px;\">N\u00e9gatif<\/td>\n<\/tr>\n<\/tbody>\n<\/table>\n<p><span style=\"color: #ff6600;\"><strong>Rapport de test<\/strong><\/span><\/p>\n<p><img decoding=\"async\" class=\"wp-image-1524\" src=\"https:\/\/purenourishbio.com\/wp-content\/uploads\/2025\/07\/0a65a87008300ddfbf978ce7b5d978a5-1024x524.jpg\" alt=\"\" width=\"652\" height=\"333\" srcset=\"https:\/\/purenourishbio.com\/wp-content\/uploads\/2025\/07\/0a65a87008300ddfbf978ce7b5d978a5-1024x524.jpg 1024w, https:\/\/purenourishbio.com\/wp-content\/uploads\/2025\/07\/0a65a87008300ddfbf978ce7b5d978a5-300x154.jpg 300w, https:\/\/purenourishbio.com\/wp-content\/uploads\/2025\/07\/0a65a87008300ddfbf978ce7b5d978a5-768x393.jpg 768w, https:\/\/purenourishbio.com\/wp-content\/uploads\/2025\/07\/0a65a87008300ddfbf978ce7b5d978a5-1536x786.jpg 1536w, https:\/\/purenourishbio.com\/wp-content\/uploads\/2025\/07\/0a65a87008300ddfbf978ce7b5d978a5-2048x1048.jpg 2048w, https:\/\/purenourishbio.com\/wp-content\/uploads\/2025\/07\/0a65a87008300ddfbf978ce7b5d978a5-18x9.jpg 18w, https:\/\/purenourishbio.com\/wp-content\/uploads\/2025\/07\/0a65a87008300ddfbf978ce7b5d978a5-1200x614.jpg 1200w, https:\/\/purenourishbio.com\/wp-content\/uploads\/2025\/07\/0a65a87008300ddfbf978ce7b5d978a5-150x77.jpg 150w\" sizes=\"(max-width: 652px) 100vw, 652px\" \/><\/p>\n<p><img decoding=\"async\" class=\"wp-image-1525\" src=\"https:\/\/purenourishbio.com\/wp-content\/uploads\/2025\/07\/e594730d306da2ab2ac610dc2db7c5ab-1024x466.jpg\" alt=\"\" width=\"653\" height=\"297\" srcset=\"https:\/\/purenourishbio.com\/wp-content\/uploads\/2025\/07\/e594730d306da2ab2ac610dc2db7c5ab-1024x466.jpg 1024w, https:\/\/purenourishbio.com\/wp-content\/uploads\/2025\/07\/e594730d306da2ab2ac610dc2db7c5ab-300x137.jpg 300w, https:\/\/purenourishbio.com\/wp-content\/uploads\/2025\/07\/e594730d306da2ab2ac610dc2db7c5ab-768x350.jpg 768w, https:\/\/purenourishbio.com\/wp-content\/uploads\/2025\/07\/e594730d306da2ab2ac610dc2db7c5ab-1536x700.jpg 1536w, https:\/\/purenourishbio.com\/wp-content\/uploads\/2025\/07\/e594730d306da2ab2ac610dc2db7c5ab-2048x933.jpg 2048w, https:\/\/purenourishbio.com\/wp-content\/uploads\/2025\/07\/e594730d306da2ab2ac610dc2db7c5ab-18x8.jpg 18w, https:\/\/purenourishbio.com\/wp-content\/uploads\/2025\/07\/e594730d306da2ab2ac610dc2db7c5ab-1200x547.jpg 1200w, https:\/\/purenourishbio.com\/wp-content\/uploads\/2025\/07\/e594730d306da2ab2ac610dc2db7c5ab-150x68.jpg 150w\" sizes=\"(max-width: 653px) 100vw, 653px\" \/><\/p>","protected":false},"excerpt":{"rendered":"<p><span style=\"font-size: 14pt;\">Le champignon queue de dinde (Coriolus versicolor), \u00e9galement appel\u00e9 Trametes versicolor, se d\u00e9veloppe en parasite dans divers tas de bois feuillus, arbres et branches morts. Il contient des polysaccharides (K, PSP, b\u00eata-glucane), ainsi que divers acides amin\u00e9s, glycopeptides et oligo-\u00e9l\u00e9ments tels que le calcium, le germanium, le magn\u00e9sium, le fer et le zinc.<\/span><\/p>\n<p><img loading=\"lazy\" decoding=\"async\" class=\"alignleft size-full wp-image-1503\" src=\"https:\/\/purenourishbio.com\/wp-content\/uploads\/2025\/07\/\u8be6\u60c5\u9875-1024x108-1.webp\" alt=\"\" width=\"1024\" height=\"108\" srcset=\"https:\/\/purenourishbio.com\/wp-content\/uploads\/2025\/07\/\u8be6\u60c5\u9875-1024x108-1.webp 1024w, https:\/\/purenourishbio.com\/wp-content\/uploads\/2025\/07\/\u8be6\u60c5\u9875-1024x108-1-300x32.webp 300w, https:\/\/purenourishbio.com\/wp-content\/uploads\/2025\/07\/\u8be6\u60c5\u9875-1024x108-1-768x81.webp 768w, https:\/\/purenourishbio.com\/wp-content\/uploads\/2025\/07\/\u8be6\u60c5\u9875-1024x108-1-18x2.webp 18w, https:\/\/purenourishbio.com\/wp-content\/uploads\/2025\/07\/\u8be6\u60c5\u9875-1024x108-1-150x16.webp 150w\" sizes=\"(max-width: 1024px) 100vw, 1024px\" \/><\/p>","protected":false},"featured_media":1420,"comment_status":"open","ping_status":"closed","template":"","meta":[],"product_brand":[],"product_cat":[15],"product_tag":[],"class_list":{"0":"post-1530","1":"product","2":"type-product","3":"status-publish","4":"has-post-thumbnail","6":"product_cat-mushroom-extracts","8":"first","9":"instock","10":"featured","11":"shipping-taxable","12":"product-type-simple"},"_links":{"self":[{"href":"https:\/\/purenourishbio.com\/fr\/wp-json\/wp\/v2\/product\/1530","targetHints":{"allow":["GET"]}}],"collection":[{"href":"https:\/\/purenourishbio.com\/fr\/wp-json\/wp\/v2\/product"}],"about":[{"href":"https:\/\/purenourishbio.com\/fr\/wp-json\/wp\/v2\/types\/product"}],"replies":[{"embeddable":true,"href":"https:\/\/purenourishbio.com\/fr\/wp-json\/wp\/v2\/comments?post=1530"}],"wp:featuredmedia":[{"embeddable":true,"href":"https:\/\/purenourishbio.com\/fr\/wp-json\/wp\/v2\/media\/1420"}],"wp:attachment":[{"href":"https:\/\/purenourishbio.com\/fr\/wp-json\/wp\/v2\/media?parent=1530"}],"wp:term":[{"taxonomy":"product_brand","embeddable":true,"href":"https:\/\/purenourishbio.com\/fr\/wp-json\/wp\/v2\/product_brand?post=1530"},{"taxonomy":"product_cat","embeddable":true,"href":"https:\/\/purenourishbio.com\/fr\/wp-json\/wp\/v2\/product_cat?post=1530"},{"taxonomy":"product_tag","embeddable":true,"href":"https:\/\/purenourishbio.com\/fr\/wp-json\/wp\/v2\/product_tag?post=1530"}],"curies":[{"name":"wp","href":"https:\/\/api.w.org\/{rel}","templated":true}]}}