{"id":1220,"date":"2025-07-07T01:03:27","date_gmt":"2025-07-07T01:03:27","guid":{"rendered":"https:\/\/purenourishbio.com\/?post_type=product&#038;p=1220"},"modified":"2025-09-08T09:30:20","modified_gmt":"2025-09-08T09:30:20","slug":"organic-shiitake-extract","status":"publish","type":"product","link":"https:\/\/purenourishbio.com\/fr\/produit\/organic-shiitake-extract\/","title":{"rendered":"Extrait de shiitake biologique"},"content":{"rendered":"<p><span style=\"font-size: 14pt;\"><strong><img fetchpriority=\"high\" decoding=\"async\" class=\"alignleft size-large wp-image-1538\" src=\"https:\/\/purenourishbio.com\/wp-content\/uploads\/2025\/07\/function-shiitake-1024x159.png\" alt=\"\" width=\"1024\" height=\"159\" srcset=\"https:\/\/purenourishbio.com\/wp-content\/uploads\/2025\/07\/function-shiitake-1024x159.png 1024w, https:\/\/purenourishbio.com\/wp-content\/uploads\/2025\/07\/function-shiitake-300x47.png 300w, https:\/\/purenourishbio.com\/wp-content\/uploads\/2025\/07\/function-shiitake-768x119.png 768w, https:\/\/purenourishbio.com\/wp-content\/uploads\/2025\/07\/function-shiitake-18x3.png 18w, https:\/\/purenourishbio.com\/wp-content\/uploads\/2025\/07\/function-shiitake-150x23.png 150w, https:\/\/purenourishbio.com\/wp-content\/uploads\/2025\/07\/function-shiitake.png 1174w\" sizes=\"(max-width: 1024px) 100vw, 1024px\" \/><br \/>\n<\/strong><\/span><\/p>\n<p><span style=\"font-size: 14pt;\">1. Pr\u00e9vention et traitement des tumeurs\u00a0: Le champignon shiitake est riche en lentinane, qui peut inhiber efficacement la progression des cancers r\u00e9cidivants. Il poss\u00e8de des propri\u00e9t\u00e9s antivirales et antitumorales, et pr\u00e9sente relativement peu de toxicit\u00e9 et d\u2019effets secondaires. Il est reconnu pour renforcer le syst\u00e8me immunitaire des patients atteints de tumeurs.<\/span><\/p>\n<p><span style=\"font-size: 14pt;\">2. Antithrombose : Le champignon shiitake est riche en ad\u00e9nine et en vitamines, ce qui peut favoriser le m\u00e9tabolisme du cholest\u00e9rol, augmenter le flux sanguin dans les art\u00e8res coronaires et pr\u00e9venir l&#039;hypertension et les maladies cardiovasculaires et c\u00e9r\u00e9brovasculaires.<\/span><\/p>\n<table style=\"height: 391px; width: 67.3735%; border-collapse: collapse; border-color: #080000; border-style: solid;\">\n<caption>\u00a0<\/caption>\n<tbody>\n<tr style=\"height: 24px;\">\n<td style=\"width: 99.5182%; height: 24px;\" colspan=\"3\">Laboratoires d&#039;essais\u00a0: Alkemist Lab, Eurofins, etc.<\/td>\n<\/tr>\n<tr style=\"height: 24px;\">\n<td style=\"width: 99.5182%; height: 24px;\" colspan=\"3\">\u00c9l\u00e9ments de test<\/td>\n<\/tr>\n<tr style=\"height: 24px;\">\n<td style=\"width: 28.9157%; height: 24px;\">IDENTIFIANT<\/td>\n<td style=\"width: 38.3133%; height: 24px;\">Shiitake<\/td>\n<td style=\"width: 32.2892%; height: 24px;\">Caract\u00e9ristiques<\/td>\n<\/tr>\n<tr style=\"height: 10px;\">\n<td style=\"height: 57px; width: 28.9157%;\" rowspan=\"2\">Ingr\u00e9dients fonctionnels<\/td>\n<td style=\"width: 38.3133%; height: 10px;\"><strong>B\u00eata-glucane<span style=\"font-size: 10pt; color: #ff0000;\"> (Aucun op\u00e9rateur)<\/span><\/strong><\/td>\n<td style=\"width: 32.2892%; height: 10px;\">20%\u201340% <span style=\"font-size: 10pt;\">(Kit Megazyme K-YBGL)<\/span><\/td>\n<\/tr>\n<tr style=\"height: 23px;\">\n<td style=\"width: 38.3133%; height: 23px;\"><strong>Polysaccharides<\/strong><\/td>\n<td style=\"width: 32.2892%; height: 23px;\">10%\u201350%<\/td>\n<\/tr>\n<tr style=\"height: 24px;\">\n<td style=\"width: 28.9157%; height: 96px;\" rowspan=\"4\">Heavy Metal<\/td>\n<td style=\"width: 38.3133%; height: 24px;\">Plomb (Pb)<\/td>\n<td style=\"width: 32.2892%; height: 24px;\">&lt;1,0 mg\/kg<\/td>\n<\/tr>\n<tr style=\"height: 24px;\">\n<td style=\"width: 38.3133%; height: 24px;\">Arsenic (As)<\/td>\n<td style=\"width: 32.2892%; height: 24px;\">&lt;1,0 mg\/kg<\/td>\n<\/tr>\n<tr style=\"height: 24px;\">\n<td style=\"width: 38.3133%; height: 24px;\">Cadmium (Cd)<\/td>\n<td style=\"width: 32.2892%; height: 24px;\">&lt;1,0 mg\/kg<\/td>\n<\/tr>\n<tr style=\"height: 24px;\">\n<td style=\"width: 38.3133%; height: 24px;\">Mercure (Hg)<\/td>\n<td style=\"width: 32.2892%; height: 24px;\">&lt;0,1 mg\/kg<\/td>\n<\/tr>\n<tr style=\"height: 24px;\">\n<td style=\"width: 28.9157%; height: 24px;\">Pesticides<\/td>\n<td style=\"width: 38.3133%; height: 24px;\">539 articles de pesticides<\/td>\n<td style=\"width: 32.2892%; height: 24px;\">Respecter les exigences de l&#039;USP<\/td>\n<\/tr>\n<tr style=\"height: 24px;\">\n<td style=\"width: 28.9157%; height: 142px;\" rowspan=\"6\">Microbe<\/td>\n<td style=\"width: 38.3133%; height: 24px;\">Num\u00e9ration totale sur plaque<\/td>\n<td style=\"width: 32.2892%; height: 24px;\">&lt;3 000 UFC\/g<\/td>\n<\/tr>\n<tr style=\"height: 24px;\">\n<td style=\"width: 38.3133%; height: 24px;\">Levures et moisissures<\/td>\n<td style=\"width: 32.2892%; height: 24px;\">&lt;100 UFC\/g<\/td>\n<\/tr>\n<tr style=\"height: 22px;\">\n<td style=\"width: 38.3133%; height: 22px;\">Coliformes<\/td>\n<td style=\"width: 32.2892%; height: 22px;\">&lt;10 UFC\/g<\/td>\n<\/tr>\n<tr style=\"height: 24px;\">\n<td style=\"width: 38.3133%; height: 24px;\">E. coli.<\/td>\n<td style=\"width: 32.2892%; height: 24px;\">N\u00e9gatif<\/td>\n<\/tr>\n<tr style=\"height: 24px;\">\n<td style=\"width: 38.3133%; height: 24px;\">Salmonelle<\/td>\n<td style=\"width: 32.2892%; height: 24px;\">N\u00e9gatif<\/td>\n<\/tr>\n<tr style=\"height: 24px;\">\n<td style=\"width: 38.3133%; height: 24px;\">Staphylocoque dor\u00e9<\/td>\n<td style=\"width: 32.2892%; height: 24px;\">N\u00e9gatif<\/td>\n<\/tr>\n<\/tbody>\n<\/table>\n<p><span style=\"color: #ff6600;\"><strong>Rapport de test<\/strong><\/span><\/p>\n<p><img decoding=\"async\" class=\"wp-image-1539\" src=\"https:\/\/purenourishbio.com\/wp-content\/uploads\/2025\/07\/c8bfafef2c8d44eb22544525e5fa4cf1-1024x529.jpg\" alt=\"\" width=\"646\" height=\"334\" srcset=\"https:\/\/purenourishbio.com\/wp-content\/uploads\/2025\/07\/c8bfafef2c8d44eb22544525e5fa4cf1-1024x529.jpg 1024w, https:\/\/purenourishbio.com\/wp-content\/uploads\/2025\/07\/c8bfafef2c8d44eb22544525e5fa4cf1-300x155.jpg 300w, https:\/\/purenourishbio.com\/wp-content\/uploads\/2025\/07\/c8bfafef2c8d44eb22544525e5fa4cf1-768x397.jpg 768w, https:\/\/purenourishbio.com\/wp-content\/uploads\/2025\/07\/c8bfafef2c8d44eb22544525e5fa4cf1-1536x794.jpg 1536w, https:\/\/purenourishbio.com\/wp-content\/uploads\/2025\/07\/c8bfafef2c8d44eb22544525e5fa4cf1-2048x1058.jpg 2048w, https:\/\/purenourishbio.com\/wp-content\/uploads\/2025\/07\/c8bfafef2c8d44eb22544525e5fa4cf1-18x9.jpg 18w, https:\/\/purenourishbio.com\/wp-content\/uploads\/2025\/07\/c8bfafef2c8d44eb22544525e5fa4cf1-1200x620.jpg 1200w, https:\/\/purenourishbio.com\/wp-content\/uploads\/2025\/07\/c8bfafef2c8d44eb22544525e5fa4cf1-150x77.jpg 150w\" sizes=\"(max-width: 646px) 100vw, 646px\" \/><\/p>\n<p><img decoding=\"async\" class=\"wp-image-1540\" src=\"https:\/\/purenourishbio.com\/wp-content\/uploads\/2025\/07\/b7391525516bab451326a22f14cea32b-1024x530.jpg\" alt=\"\" width=\"654\" height=\"338\" srcset=\"https:\/\/purenourishbio.com\/wp-content\/uploads\/2025\/07\/b7391525516bab451326a22f14cea32b-1024x530.jpg 1024w, https:\/\/purenourishbio.com\/wp-content\/uploads\/2025\/07\/b7391525516bab451326a22f14cea32b-300x155.jpg 300w, https:\/\/purenourishbio.com\/wp-content\/uploads\/2025\/07\/b7391525516bab451326a22f14cea32b-768x397.jpg 768w, https:\/\/purenourishbio.com\/wp-content\/uploads\/2025\/07\/b7391525516bab451326a22f14cea32b-1536x794.jpg 1536w, https:\/\/purenourishbio.com\/wp-content\/uploads\/2025\/07\/b7391525516bab451326a22f14cea32b-2048x1059.jpg 2048w, https:\/\/purenourishbio.com\/wp-content\/uploads\/2025\/07\/b7391525516bab451326a22f14cea32b-18x9.jpg 18w, https:\/\/purenourishbio.com\/wp-content\/uploads\/2025\/07\/b7391525516bab451326a22f14cea32b-1200x621.jpg 1200w, https:\/\/purenourishbio.com\/wp-content\/uploads\/2025\/07\/b7391525516bab451326a22f14cea32b-150x78.jpg 150w\" sizes=\"(max-width: 654px) 100vw, 654px\" \/><\/p>\n<p><img loading=\"lazy\" decoding=\"async\" class=\"wp-image-1541\" src=\"https:\/\/purenourishbio.com\/wp-content\/uploads\/2025\/07\/4ce8b9a412a87eac9f700eb79a1b0061-1024x456.jpg\" alt=\"\" width=\"648\" height=\"288\" srcset=\"https:\/\/purenourishbio.com\/wp-content\/uploads\/2025\/07\/4ce8b9a412a87eac9f700eb79a1b0061-1024x456.jpg 1024w, https:\/\/purenourishbio.com\/wp-content\/uploads\/2025\/07\/4ce8b9a412a87eac9f700eb79a1b0061-300x134.jpg 300w, https:\/\/purenourishbio.com\/wp-content\/uploads\/2025\/07\/4ce8b9a412a87eac9f700eb79a1b0061-768x342.jpg 768w, https:\/\/purenourishbio.com\/wp-content\/uploads\/2025\/07\/4ce8b9a412a87eac9f700eb79a1b0061-1536x684.jpg 1536w, https:\/\/purenourishbio.com\/wp-content\/uploads\/2025\/07\/4ce8b9a412a87eac9f700eb79a1b0061-2048x913.jpg 2048w, https:\/\/purenourishbio.com\/wp-content\/uploads\/2025\/07\/4ce8b9a412a87eac9f700eb79a1b0061-18x8.jpg 18w, https:\/\/purenourishbio.com\/wp-content\/uploads\/2025\/07\/4ce8b9a412a87eac9f700eb79a1b0061-1200x535.jpg 1200w, https:\/\/purenourishbio.com\/wp-content\/uploads\/2025\/07\/4ce8b9a412a87eac9f700eb79a1b0061-150x67.jpg 150w\" sizes=\"(max-width: 648px) 100vw, 648px\" \/><\/p>","protected":false},"excerpt":{"rendered":"<p><span style=\"font-size: 14pt;\">Le shiitake (Lentinula edodes) est un champignon alimentaire traditionnel chinois, riche en nutriments et au go\u00fbt frais. Il contient des polysaccharides, notamment du b\u00eata-glucane et du lentinane, un polysaccharide li\u00e9 \u00e0 des prot\u00e9ines qui jouerait un r\u00f4le cl\u00e9 dans la modulation de la r\u00e9ponse immunitaire en se liant au r\u00e9cepteur de surface Dectin-1 des macrophages et en r\u00e9gulant la lib\u00e9ration de cytokines et d&#039;interleukines.<\/span><\/p>\n<p><img loading=\"lazy\" decoding=\"async\" class=\"alignleft size-large wp-image-1376\" src=\"https:\/\/purenourishbio.com\/wp-content\/uploads\/2025\/07\/\u8be6\u60c5\u9875-1024x108.jpg\" alt=\"\" width=\"1024\" height=\"108\" srcset=\"https:\/\/purenourishbio.com\/wp-content\/uploads\/2025\/07\/\u8be6\u60c5\u9875-1024x108.jpg 1024w, https:\/\/purenourishbio.com\/wp-content\/uploads\/2025\/07\/\u8be6\u60c5\u9875-300x32.jpg 300w, https:\/\/purenourishbio.com\/wp-content\/uploads\/2025\/07\/\u8be6\u60c5\u9875-768x81.jpg 768w, https:\/\/purenourishbio.com\/wp-content\/uploads\/2025\/07\/\u8be6\u60c5\u9875-1536x162.jpg 1536w, https:\/\/purenourishbio.com\/wp-content\/uploads\/2025\/07\/\u8be6\u60c5\u9875-2048x216.jpg 2048w, https:\/\/purenourishbio.com\/wp-content\/uploads\/2025\/07\/\u8be6\u60c5\u9875-18x2.jpg 18w, https:\/\/purenourishbio.com\/wp-content\/uploads\/2025\/07\/\u8be6\u60c5\u9875-1200x127.jpg 1200w, https:\/\/purenourishbio.com\/wp-content\/uploads\/2025\/07\/\u8be6\u60c5\u9875-150x16.jpg 150w\" sizes=\"(max-width: 1024px) 100vw, 1024px\" \/><\/p>","protected":false},"featured_media":1424,"comment_status":"open","ping_status":"closed","template":"","meta":[],"product_brand":[],"product_cat":[15],"product_tag":[],"class_list":{"0":"post-1220","1":"product","2":"type-product","3":"status-publish","4":"has-post-thumbnail","6":"product_cat-mushroom-extracts","8":"first","9":"instock","10":"featured","11":"shipping-taxable","12":"product-type-simple"},"_links":{"self":[{"href":"https:\/\/purenourishbio.com\/fr\/wp-json\/wp\/v2\/product\/1220","targetHints":{"allow":["GET"]}}],"collection":[{"href":"https:\/\/purenourishbio.com\/fr\/wp-json\/wp\/v2\/product"}],"about":[{"href":"https:\/\/purenourishbio.com\/fr\/wp-json\/wp\/v2\/types\/product"}],"replies":[{"embeddable":true,"href":"https:\/\/purenourishbio.com\/fr\/wp-json\/wp\/v2\/comments?post=1220"}],"wp:featuredmedia":[{"embeddable":true,"href":"https:\/\/purenourishbio.com\/fr\/wp-json\/wp\/v2\/media\/1424"}],"wp:attachment":[{"href":"https:\/\/purenourishbio.com\/fr\/wp-json\/wp\/v2\/media?parent=1220"}],"wp:term":[{"taxonomy":"product_brand","embeddable":true,"href":"https:\/\/purenourishbio.com\/fr\/wp-json\/wp\/v2\/product_brand?post=1220"},{"taxonomy":"product_cat","embeddable":true,"href":"https:\/\/purenourishbio.com\/fr\/wp-json\/wp\/v2\/product_cat?post=1220"},{"taxonomy":"product_tag","embeddable":true,"href":"https:\/\/purenourishbio.com\/fr\/wp-json\/wp\/v2\/product_tag?post=1220"}],"curies":[{"name":"wp","href":"https:\/\/api.w.org\/{rel}","templated":true}]}}