{"id":1194,"date":"2025-07-07T00:52:53","date_gmt":"2025-07-07T00:52:53","guid":{"rendered":"https:\/\/purenourishbio.com\/?post_type=product&#038;p=1194"},"modified":"2025-10-22T03:20:57","modified_gmt":"2025-10-22T03:20:57","slug":"lions-manehericium-erinaceus","status":"publish","type":"product","link":"https:\/\/purenourishbio.com\/fr\/produit\/lions-manehericium-erinaceus\/","title":{"rendered":"Extrait de crini\u00e8re de lion biologique"},"content":{"rendered":"<p><img fetchpriority=\"high\" decoding=\"async\" class=\"size-large wp-image-1484 alignleft\" src=\"https:\/\/purenourishbio.com\/wp-content\/uploads\/2025\/07\/function-LM-1024x161.png\" alt=\"\" width=\"1024\" height=\"161\" srcset=\"https:\/\/purenourishbio.com\/wp-content\/uploads\/2025\/07\/function-LM-1024x161.png 1024w, https:\/\/purenourishbio.com\/wp-content\/uploads\/2025\/07\/function-LM-300x47.png 300w, https:\/\/purenourishbio.com\/wp-content\/uploads\/2025\/07\/function-LM-768x121.png 768w, https:\/\/purenourishbio.com\/wp-content\/uploads\/2025\/07\/function-LM-18x3.png 18w, https:\/\/purenourishbio.com\/wp-content\/uploads\/2025\/07\/function-LM-1200x189.png 1200w, https:\/\/purenourishbio.com\/wp-content\/uploads\/2025\/07\/function-LM-150x24.png 150w, https:\/\/purenourishbio.com\/wp-content\/uploads\/2025\/07\/function-LM.png 1502w\" sizes=\"(max-width: 1024px) 100vw, 1024px\" \/><\/p>\n<table style=\"height: 735px; width: 67.3735%; border-collapse: collapse; border-color: #080000; border-style: solid;\">\n<caption>\u00a0<\/caption>\n<tbody>\n<tr style=\"height: 24px;\">\n<td style=\"width: 99.5181%; height: 24px;\" colspan=\"3\">Laboratoires d&#039;essais\u00a0: Alkemist Lab, Eurofins, etc.<\/td>\n<\/tr>\n<tr style=\"height: 24px;\">\n<td style=\"width: 99.5181%; height: 24px;\" colspan=\"3\">\u00c9l\u00e9ments de test<\/td>\n<\/tr>\n<tr style=\"height: 24px;\">\n<td style=\"width: 28.9157%; height: 24px;\">IDENTIFIANT<\/td>\n<td style=\"width: 38.3133%; height: 24px;\">Crini\u00e8re de lion<\/td>\n<td style=\"width: 32.2892%; height: 24px;\">Caract\u00e9ristiques<\/td>\n<\/tr>\n<tr style=\"height: 10px;\">\n<td style=\"width: 28.9157%; height: 81px;\" rowspan=\"4\">Ingr\u00e9dients fonctionnels<\/td>\n<td style=\"width: 38.3133%; height: 10px;\"><strong>B\u00eata-glucane<span style=\"font-size: 10pt; color: #ff0000;\"> (Aucun op\u00e9rateur)<\/span><\/strong><\/td>\n<td style=\"width: 32.2892%; height: 10px;\">20%\u201340% <span style=\"font-size: 10pt;\">(Kit Megazyme K-YBGL)<\/span><\/td>\n<\/tr>\n<tr style=\"height: 23px;\">\n<td style=\"width: 38.3133%; height: 23px;\"><strong>Polysaccharides<\/strong><\/td>\n<td style=\"width: 32.2892%; height: 23px;\">10%\u201350%<\/td>\n<\/tr>\n<tr style=\"height: 24px;\">\n<td style=\"width: 38.3133%; height: 24px;\"><strong>H\u00e9ric\u00e9nones<\/strong><\/td>\n<td style=\"width: 32.2892%; height: 24px;\">0.5%-4%<\/td>\n<\/tr>\n<tr style=\"height: 24px;\">\n<td style=\"width: 38.3133%; height: 24px;\"><strong>\u00c9rinacines<\/strong><\/td>\n<td style=\"width: 32.2892%; height: 24px;\">0,5%\u20138%<\/td>\n<\/tr>\n<tr style=\"height: 24px;\">\n<td style=\"width: 28.9157%; height: 96px;\" rowspan=\"4\">Heavy Metal<\/td>\n<td style=\"width: 38.3133%; height: 24px;\">Plomb (Pb)<\/td>\n<td style=\"width: 32.2892%; height: 24px;\">&lt;1,0 mg\/kg<\/td>\n<\/tr>\n<tr style=\"height: 24px;\">\n<td style=\"width: 38.3133%; height: 24px;\">Arsenic (As)<\/td>\n<td style=\"width: 32.2892%; height: 24px;\">&lt;1,0 mg\/kg<\/td>\n<\/tr>\n<tr style=\"height: 24px;\">\n<td style=\"width: 38.3133%; height: 24px;\">Cadmium (Cd)<\/td>\n<td style=\"width: 32.2892%; height: 24px;\">&lt;1,0 mg\/kg<\/td>\n<\/tr>\n<tr style=\"height: 24px;\">\n<td style=\"width: 38.3133%; height: 24px;\">Mercure (Hg)<\/td>\n<td style=\"width: 32.2892%; height: 24px;\">&lt;0,1 mg\/kg<\/td>\n<\/tr>\n<tr style=\"height: 24px;\">\n<td style=\"width: 28.9157%; height: 24px;\">Pesticides<\/td>\n<td style=\"width: 38.3133%; height: 24px;\">539 articles de pesticides<\/td>\n<td style=\"width: 32.2892%; height: 24px;\">Respecter les exigences de l&#039;USP<\/td>\n<\/tr>\n<tr style=\"height: 24px;\">\n<td style=\"width: 28.9157%; height: 142px;\" rowspan=\"6\">Microbe<\/td>\n<td style=\"width: 38.3133%; height: 24px;\">Num\u00e9ration totale sur plaque<\/td>\n<td style=\"width: 32.2892%; height: 24px;\">&lt;3 000 UFC\/g<\/td>\n<\/tr>\n<tr style=\"height: 24px;\">\n<td style=\"width: 38.3133%; height: 24px;\">Levures et moisissures<\/td>\n<td style=\"width: 32.2892%; height: 24px;\">&lt;100 UFC\/g<\/td>\n<\/tr>\n<tr style=\"height: 22px;\">\n<td style=\"width: 38.3133%; height: 22px;\">Coliformes<\/td>\n<td style=\"width: 32.2892%; height: 22px;\">&lt;10 UFC\/g<\/td>\n<\/tr>\n<tr style=\"height: 24px;\">\n<td style=\"width: 38.3133%; height: 24px;\">E. coli.<\/td>\n<td style=\"width: 32.2892%; height: 24px;\">N\u00e9gatif<\/td>\n<\/tr>\n<tr style=\"height: 24px;\">\n<td style=\"width: 38.3133%; height: 24px;\">Salmonelle<\/td>\n<td style=\"width: 32.2892%; height: 24px;\">N\u00e9gatif<\/td>\n<\/tr>\n<tr style=\"height: 24px;\">\n<td style=\"width: 38.3133%; height: 24px;\">Staphylocoque dor\u00e9<\/td>\n<td style=\"width: 32.2892%; height: 24px;\">N\u00e9gatif<\/td>\n<\/tr>\n<\/tbody>\n<\/table>\n<p><span style=\"color: #ff6600;\"><strong>Rapport de test<\/strong><\/span><\/p>\n<p><img decoding=\"async\" class=\"wp-image-1496\" src=\"https:\/\/purenourishbio.com\/wp-content\/uploads\/2025\/07\/d3087e9f74fac0686e3dd10a46b0e9b5-1024x530.jpg\" alt=\"\" width=\"724\" height=\"375\" srcset=\"https:\/\/purenourishbio.com\/wp-content\/uploads\/2025\/07\/d3087e9f74fac0686e3dd10a46b0e9b5-1024x530.jpg 1024w, https:\/\/purenourishbio.com\/wp-content\/uploads\/2025\/07\/d3087e9f74fac0686e3dd10a46b0e9b5-300x155.jpg 300w, https:\/\/purenourishbio.com\/wp-content\/uploads\/2025\/07\/d3087e9f74fac0686e3dd10a46b0e9b5-768x397.jpg 768w, https:\/\/purenourishbio.com\/wp-content\/uploads\/2025\/07\/d3087e9f74fac0686e3dd10a46b0e9b5-1536x795.jpg 1536w, https:\/\/purenourishbio.com\/wp-content\/uploads\/2025\/07\/d3087e9f74fac0686e3dd10a46b0e9b5-2048x1060.jpg 2048w, https:\/\/purenourishbio.com\/wp-content\/uploads\/2025\/07\/d3087e9f74fac0686e3dd10a46b0e9b5-18x9.jpg 18w, https:\/\/purenourishbio.com\/wp-content\/uploads\/2025\/07\/d3087e9f74fac0686e3dd10a46b0e9b5-1200x621.jpg 1200w, https:\/\/purenourishbio.com\/wp-content\/uploads\/2025\/07\/d3087e9f74fac0686e3dd10a46b0e9b5-150x78.jpg 150w\" sizes=\"(max-width: 724px) 100vw, 724px\" \/><\/p>\n<p><img decoding=\"async\" class=\"wp-image-1497\" src=\"https:\/\/purenourishbio.com\/wp-content\/uploads\/2025\/07\/3d78d8607d328a06fac278e04512e9b1-1024x599.jpg\" alt=\"\" width=\"706\" height=\"413\" srcset=\"https:\/\/purenourishbio.com\/wp-content\/uploads\/2025\/07\/3d78d8607d328a06fac278e04512e9b1-1024x599.jpg 1024w, https:\/\/purenourishbio.com\/wp-content\/uploads\/2025\/07\/3d78d8607d328a06fac278e04512e9b1-300x175.jpg 300w, https:\/\/purenourishbio.com\/wp-content\/uploads\/2025\/07\/3d78d8607d328a06fac278e04512e9b1-768x449.jpg 768w, https:\/\/purenourishbio.com\/wp-content\/uploads\/2025\/07\/3d78d8607d328a06fac278e04512e9b1-1536x898.jpg 1536w, https:\/\/purenourishbio.com\/wp-content\/uploads\/2025\/07\/3d78d8607d328a06fac278e04512e9b1-18x12.jpg 18w, https:\/\/purenourishbio.com\/wp-content\/uploads\/2025\/07\/3d78d8607d328a06fac278e04512e9b1-1200x702.jpg 1200w, https:\/\/purenourishbio.com\/wp-content\/uploads\/2025\/07\/3d78d8607d328a06fac278e04512e9b1-150x88.jpg 150w, https:\/\/purenourishbio.com\/wp-content\/uploads\/2025\/07\/3d78d8607d328a06fac278e04512e9b1.jpg 1840w\" sizes=\"(max-width: 706px) 100vw, 706px\" \/><\/p>\n<p><img loading=\"lazy\" decoding=\"async\" class=\"wp-image-1498\" src=\"https:\/\/purenourishbio.com\/wp-content\/uploads\/2025\/07\/371d803d0b9e1b54e777a118276b4904-1024x450.jpg\" alt=\"\" width=\"716\" height=\"315\" srcset=\"https:\/\/purenourishbio.com\/wp-content\/uploads\/2025\/07\/371d803d0b9e1b54e777a118276b4904-1024x450.jpg 1024w, https:\/\/purenourishbio.com\/wp-content\/uploads\/2025\/07\/371d803d0b9e1b54e777a118276b4904-300x132.jpg 300w, https:\/\/purenourishbio.com\/wp-content\/uploads\/2025\/07\/371d803d0b9e1b54e777a118276b4904-768x337.jpg 768w, https:\/\/purenourishbio.com\/wp-content\/uploads\/2025\/07\/371d803d0b9e1b54e777a118276b4904-1536x674.jpg 1536w, https:\/\/purenourishbio.com\/wp-content\/uploads\/2025\/07\/371d803d0b9e1b54e777a118276b4904-2048x899.jpg 2048w, https:\/\/purenourishbio.com\/wp-content\/uploads\/2025\/07\/371d803d0b9e1b54e777a118276b4904-18x8.jpg 18w, https:\/\/purenourishbio.com\/wp-content\/uploads\/2025\/07\/371d803d0b9e1b54e777a118276b4904-1200x527.jpg 1200w, https:\/\/purenourishbio.com\/wp-content\/uploads\/2025\/07\/371d803d0b9e1b54e777a118276b4904-150x66.jpg 150w\" sizes=\"(max-width: 716px) 100vw, 716px\" \/><\/p>\n<p><img loading=\"lazy\" decoding=\"async\" class=\"alignnone wp-image-1499\" src=\"https:\/\/purenourishbio.com\/wp-content\/uploads\/2025\/07\/6690b8dc81bdaff839e46e0220b05af5-1024x450.jpg\" alt=\"\" width=\"720\" height=\"316\" srcset=\"https:\/\/purenourishbio.com\/wp-content\/uploads\/2025\/07\/6690b8dc81bdaff839e46e0220b05af5-1024x450.jpg 1024w, https:\/\/purenourishbio.com\/wp-content\/uploads\/2025\/07\/6690b8dc81bdaff839e46e0220b05af5-300x132.jpg 300w, https:\/\/purenourishbio.com\/wp-content\/uploads\/2025\/07\/6690b8dc81bdaff839e46e0220b05af5-768x337.jpg 768w, https:\/\/purenourishbio.com\/wp-content\/uploads\/2025\/07\/6690b8dc81bdaff839e46e0220b05af5-1536x674.jpg 1536w, https:\/\/purenourishbio.com\/wp-content\/uploads\/2025\/07\/6690b8dc81bdaff839e46e0220b05af5-2048x899.jpg 2048w, https:\/\/purenourishbio.com\/wp-content\/uploads\/2025\/07\/6690b8dc81bdaff839e46e0220b05af5-18x8.jpg 18w, https:\/\/purenourishbio.com\/wp-content\/uploads\/2025\/07\/6690b8dc81bdaff839e46e0220b05af5-1200x527.jpg 1200w, https:\/\/purenourishbio.com\/wp-content\/uploads\/2025\/07\/6690b8dc81bdaff839e46e0220b05af5-150x66.jpg 150w\" sizes=\"(max-width: 720px) 100vw, 720px\" \/><\/p>\n<p>&nbsp;<\/p>","protected":false},"excerpt":{"rendered":"<p><span style=\"font-size: 14pt; font-family: arial, helvetica, sans-serif;\">\u00a0 Le champignon crini\u00e8re de lion (Hericium erinaceus) est non seulement d\u00e9licieux, mais aussi tr\u00e8s nutritif. Ses composants actifs sont\u00a0: <strong>polysaccharides<\/strong>, <strong>b\u00eata-glucanes<\/strong>, Ils sont tr\u00e8s bons pour l&#039;immunit\u00e9 et la digestion. <strong>\u00a0H\u00e9ric\u00e9nones<\/strong>(C, D, E, H) et <strong>\u00c9rincines<\/strong>(AF, H) sont bons pour l&#039;activit\u00e9 neurotrophique.<\/span><\/p>\n<p><img loading=\"lazy\" decoding=\"async\" class=\"alignleft wp-image-1376\" src=\"https:\/\/purenourishbio.com\/wp-content\/uploads\/2025\/07\/\u8be6\u60c5\u9875-1024x108.jpg\" alt=\"\" width=\"671\" height=\"71\" srcset=\"https:\/\/purenourishbio.com\/wp-content\/uploads\/2025\/07\/\u8be6\u60c5\u9875-1024x108.jpg 1024w, https:\/\/purenourishbio.com\/wp-content\/uploads\/2025\/07\/\u8be6\u60c5\u9875-300x32.jpg 300w, https:\/\/purenourishbio.com\/wp-content\/uploads\/2025\/07\/\u8be6\u60c5\u9875-768x81.jpg 768w, https:\/\/purenourishbio.com\/wp-content\/uploads\/2025\/07\/\u8be6\u60c5\u9875-1536x162.jpg 1536w, https:\/\/purenourishbio.com\/wp-content\/uploads\/2025\/07\/\u8be6\u60c5\u9875-2048x216.jpg 2048w, https:\/\/purenourishbio.com\/wp-content\/uploads\/2025\/07\/\u8be6\u60c5\u9875-18x2.jpg 18w, https:\/\/purenourishbio.com\/wp-content\/uploads\/2025\/07\/\u8be6\u60c5\u9875-1200x127.jpg 1200w, https:\/\/purenourishbio.com\/wp-content\/uploads\/2025\/07\/\u8be6\u60c5\u9875-150x16.jpg 150w\" sizes=\"(max-width: 671px) 100vw, 671px\" \/><\/p>","protected":false},"featured_media":1418,"comment_status":"open","ping_status":"closed","template":"","meta":[],"product_brand":[],"product_cat":[15],"product_tag":[],"class_list":{"0":"post-1194","1":"product","2":"type-product","3":"status-publish","4":"has-post-thumbnail","6":"product_cat-mushroom-extracts","8":"first","9":"instock","10":"featured","11":"shipping-taxable","12":"product-type-simple"},"_links":{"self":[{"href":"https:\/\/purenourishbio.com\/fr\/wp-json\/wp\/v2\/product\/1194","targetHints":{"allow":["GET"]}}],"collection":[{"href":"https:\/\/purenourishbio.com\/fr\/wp-json\/wp\/v2\/product"}],"about":[{"href":"https:\/\/purenourishbio.com\/fr\/wp-json\/wp\/v2\/types\/product"}],"replies":[{"embeddable":true,"href":"https:\/\/purenourishbio.com\/fr\/wp-json\/wp\/v2\/comments?post=1194"}],"wp:featuredmedia":[{"embeddable":true,"href":"https:\/\/purenourishbio.com\/fr\/wp-json\/wp\/v2\/media\/1418"}],"wp:attachment":[{"href":"https:\/\/purenourishbio.com\/fr\/wp-json\/wp\/v2\/media?parent=1194"}],"wp:term":[{"taxonomy":"product_brand","embeddable":true,"href":"https:\/\/purenourishbio.com\/fr\/wp-json\/wp\/v2\/product_brand?post=1194"},{"taxonomy":"product_cat","embeddable":true,"href":"https:\/\/purenourishbio.com\/fr\/wp-json\/wp\/v2\/product_cat?post=1194"},{"taxonomy":"product_tag","embeddable":true,"href":"https:\/\/purenourishbio.com\/fr\/wp-json\/wp\/v2\/product_tag?post=1194"}],"curies":[{"name":"wp","href":"https:\/\/api.w.org\/{rel}","templated":true}]}}