{"id":1182,"date":"2025-07-04T01:12:49","date_gmt":"2025-07-04T01:12:49","guid":{"rendered":"https:\/\/purenourishbio.com\/?post_type=product&#038;p=1182"},"modified":"2025-10-22T03:19:35","modified_gmt":"2025-10-22T03:19:35","slug":"organic-chaga-extract-powder","status":"publish","type":"product","link":"https:\/\/purenourishbio.com\/fr\/produit\/organic-chaga-extract-powder\/","title":{"rendered":"Extrait de chaga biologique"},"content":{"rendered":"<p><img fetchpriority=\"high\" decoding=\"async\" class=\"size-large wp-image-1508 alignleft\" src=\"https:\/\/purenourishbio.com\/wp-content\/uploads\/2025\/07\/function-chaga-1024x190.png\" alt=\"\" width=\"1024\" height=\"190\" srcset=\"https:\/\/purenourishbio.com\/wp-content\/uploads\/2025\/07\/function-chaga-1024x190.png 1024w, https:\/\/purenourishbio.com\/wp-content\/uploads\/2025\/07\/function-chaga-300x56.png 300w, https:\/\/purenourishbio.com\/wp-content\/uploads\/2025\/07\/function-chaga-768x143.png 768w, https:\/\/purenourishbio.com\/wp-content\/uploads\/2025\/07\/function-chaga-18x3.png 18w, https:\/\/purenourishbio.com\/wp-content\/uploads\/2025\/07\/function-chaga-1200x223.png 1200w, https:\/\/purenourishbio.com\/wp-content\/uploads\/2025\/07\/function-chaga-150x28.png 150w, https:\/\/purenourishbio.com\/wp-content\/uploads\/2025\/07\/function-chaga.png 1508w\" sizes=\"(max-width: 1024px) 100vw, 1024px\" \/><\/p>\n<table style=\"height: 692px; width: 67.3735%; border-collapse: collapse; border-color: #080000; border-style: solid;\">\n<caption>\u00a0<\/caption>\n<tbody>\n<tr style=\"height: 24px;\">\n<td style=\"width: 99.5181%; height: 24px;\" colspan=\"3\">Laboratoires d&#039;essais\u00a0: Alkemist Lab, Eurofins, etc.<\/td>\n<\/tr>\n<tr style=\"height: 24px;\">\n<td style=\"width: 99.5181%; height: 24px;\" colspan=\"3\">\u00c9l\u00e9ments de test<\/td>\n<\/tr>\n<tr style=\"height: 24px;\">\n<td style=\"width: 28.9157%; height: 24px;\">IDENTIFIANT<\/td>\n<td style=\"width: 38.3133%; height: 24px;\">Chaga<\/td>\n<td style=\"width: 32.2892%; height: 24px;\">Caract\u00e9ristiques<\/td>\n<\/tr>\n<tr style=\"height: 10px;\">\n<td style=\"height: 81px; width: 28.9157%;\" rowspan=\"3\">Ingr\u00e9dients fonctionnels<\/td>\n<td style=\"width: 38.3133%; height: 10px;\"><strong>B\u00eata-glucane<span style=\"font-size: 10pt; color: #ff0000;\"> (Aucun op\u00e9rateur)<\/span><\/strong><\/td>\n<td style=\"width: 32.2892%; height: 10px;\">20%\u201340% <span style=\"font-size: 10pt;\">(Kit Megazyme K-YBGL)<\/span><\/td>\n<\/tr>\n<tr style=\"height: 23px;\">\n<td style=\"width: 38.3133%; height: 23px;\"><strong>Polysaccharides<\/strong><\/td>\n<td style=\"width: 32.2892%; height: 23px;\">10%\u201350%<\/td>\n<\/tr>\n<tr style=\"height: 24px;\">\n<td style=\"width: 38.3133%; height: 24px;\"><strong>Triterp\u00e8nes<\/strong><\/td>\n<td style=\"width: 32.2892%; height: 24px;\">1%-4%<\/td>\n<\/tr>\n<tr style=\"height: 24px;\">\n<td style=\"width: 28.9157%; height: 96px;\" rowspan=\"4\">Heavy Metal<\/td>\n<td style=\"width: 38.3133%; height: 24px;\">Plomb (Pb)<\/td>\n<td style=\"width: 32.2892%; height: 24px;\">&lt;1,0 mg\/kg<\/td>\n<\/tr>\n<tr style=\"height: 24px;\">\n<td style=\"width: 38.3133%; height: 24px;\">Arsenic (As)<\/td>\n<td style=\"width: 32.2892%; height: 24px;\">&lt;1,0 mg\/kg<\/td>\n<\/tr>\n<tr style=\"height: 24px;\">\n<td style=\"width: 38.3133%; height: 24px;\">Cadmium (Cd)<\/td>\n<td style=\"width: 32.2892%; height: 24px;\">&lt;1,0 mg\/kg<\/td>\n<\/tr>\n<tr style=\"height: 24px;\">\n<td style=\"width: 38.3133%; height: 24px;\">Mercure (Hg)<\/td>\n<td style=\"width: 32.2892%; height: 24px;\">&lt;0,1 mg\/kg<\/td>\n<\/tr>\n<tr style=\"height: 24px;\">\n<td style=\"width: 28.9157%; height: 24px;\">Pesticides<\/td>\n<td style=\"width: 38.3133%; height: 24px;\">539 articles de pesticides<\/td>\n<td style=\"width: 32.2892%; height: 24px;\">Respecter les exigences de l&#039;USP<\/td>\n<\/tr>\n<tr style=\"height: 24px;\">\n<td style=\"width: 28.9157%; height: 142px;\" rowspan=\"6\">Microbe<\/td>\n<td style=\"width: 38.3133%; height: 24px;\">Num\u00e9ration totale sur plaque<\/td>\n<td style=\"width: 32.2892%; height: 24px;\">&lt;3 000 UFC\/g<\/td>\n<\/tr>\n<tr style=\"height: 24px;\">\n<td style=\"width: 38.3133%; height: 24px;\">Levures et moisissures<\/td>\n<td style=\"width: 32.2892%; height: 24px;\">&lt;100 UFC\/g<\/td>\n<\/tr>\n<tr style=\"height: 22px;\">\n<td style=\"width: 38.3133%; height: 22px;\">Coliformes<\/td>\n<td style=\"width: 32.2892%; height: 22px;\">&lt;10 UFC\/g<\/td>\n<\/tr>\n<tr style=\"height: 24px;\">\n<td style=\"width: 38.3133%; height: 24px;\">E. coli.<\/td>\n<td style=\"width: 32.2892%; height: 24px;\">N\u00e9gatif<\/td>\n<\/tr>\n<tr style=\"height: 24px;\">\n<td style=\"width: 38.3133%; height: 24px;\">Salmonelle<\/td>\n<td style=\"width: 32.2892%; height: 24px;\">N\u00e9gatif<\/td>\n<\/tr>\n<tr style=\"height: 24px;\">\n<td style=\"width: 38.3133%; height: 24px;\">Staphylocoque dor\u00e9<\/td>\n<td style=\"width: 32.2892%; height: 24px;\">N\u00e9gatif<\/td>\n<\/tr>\n<\/tbody>\n<\/table>\n<p><span style=\"color: #ff6600;\"><strong>Rapport de test<\/strong><\/span><\/p>\n<p><img decoding=\"async\" class=\"alignleft wp-image-1511\" src=\"https:\/\/purenourishbio.com\/wp-content\/uploads\/2025\/07\/3c3f3a07070a25b0048a2c2d4a0af74a-1024x457.jpg\" alt=\"\" width=\"698\" height=\"312\" srcset=\"https:\/\/purenourishbio.com\/wp-content\/uploads\/2025\/07\/3c3f3a07070a25b0048a2c2d4a0af74a-1024x457.jpg 1024w, https:\/\/purenourishbio.com\/wp-content\/uploads\/2025\/07\/3c3f3a07070a25b0048a2c2d4a0af74a-300x134.jpg 300w, https:\/\/purenourishbio.com\/wp-content\/uploads\/2025\/07\/3c3f3a07070a25b0048a2c2d4a0af74a-768x343.jpg 768w, https:\/\/purenourishbio.com\/wp-content\/uploads\/2025\/07\/3c3f3a07070a25b0048a2c2d4a0af74a-1536x685.jpg 1536w, https:\/\/purenourishbio.com\/wp-content\/uploads\/2025\/07\/3c3f3a07070a25b0048a2c2d4a0af74a-2048x914.jpg 2048w, https:\/\/purenourishbio.com\/wp-content\/uploads\/2025\/07\/3c3f3a07070a25b0048a2c2d4a0af74a-18x8.jpg 18w, https:\/\/purenourishbio.com\/wp-content\/uploads\/2025\/07\/3c3f3a07070a25b0048a2c2d4a0af74a-1200x535.jpg 1200w, https:\/\/purenourishbio.com\/wp-content\/uploads\/2025\/07\/3c3f3a07070a25b0048a2c2d4a0af74a-150x67.jpg 150w\" sizes=\"(max-width: 698px) 100vw, 698px\" \/><\/p>\n<p><img decoding=\"async\" class=\"alignleft wp-image-1512\" src=\"https:\/\/purenourishbio.com\/wp-content\/uploads\/2025\/07\/9c745473ee7a379c53bc58473189430d-1024x568.jpg\" alt=\"\" width=\"698\" height=\"387\" srcset=\"https:\/\/purenourishbio.com\/wp-content\/uploads\/2025\/07\/9c745473ee7a379c53bc58473189430d-1024x568.jpg 1024w, https:\/\/purenourishbio.com\/wp-content\/uploads\/2025\/07\/9c745473ee7a379c53bc58473189430d-300x167.jpg 300w, https:\/\/purenourishbio.com\/wp-content\/uploads\/2025\/07\/9c745473ee7a379c53bc58473189430d-768x426.jpg 768w, https:\/\/purenourishbio.com\/wp-content\/uploads\/2025\/07\/9c745473ee7a379c53bc58473189430d-1536x853.jpg 1536w, https:\/\/purenourishbio.com\/wp-content\/uploads\/2025\/07\/9c745473ee7a379c53bc58473189430d-18x10.jpg 18w, https:\/\/purenourishbio.com\/wp-content\/uploads\/2025\/07\/9c745473ee7a379c53bc58473189430d-1200x666.jpg 1200w, https:\/\/purenourishbio.com\/wp-content\/uploads\/2025\/07\/9c745473ee7a379c53bc58473189430d-150x83.jpg 150w, https:\/\/purenourishbio.com\/wp-content\/uploads\/2025\/07\/9c745473ee7a379c53bc58473189430d.jpg 1924w\" sizes=\"(max-width: 698px) 100vw, 698px\" \/><\/p>\n<p>&nbsp;<\/p>\n<p>&nbsp;<\/p>\n<p>&nbsp;<\/p>","protected":false},"excerpt":{"rendered":"<p><span style=\"font-size: 14pt;\">Le chaga (Inonotus obliquus), \u00e9galement appel\u00e9 champignon chaga, est un champignon de la famille des Hymenochaetaceae. Il pousse sur le bouleau et d&#039;autres arbres. En Russie et en Europe de l&#039;Est, le chaga est consid\u00e9r\u00e9 comme un champignon m\u00e9dicinal.<\/span><\/p>\n<p><img loading=\"lazy\" decoding=\"async\" class=\"alignleft wp-image-1503\" src=\"https:\/\/purenourishbio.com\/wp-content\/uploads\/2025\/07\/\u8be6\u60c5\u9875-1024x108-1.webp\" alt=\"\" width=\"666\" height=\"70\" srcset=\"https:\/\/purenourishbio.com\/wp-content\/uploads\/2025\/07\/\u8be6\u60c5\u9875-1024x108-1.webp 1024w, https:\/\/purenourishbio.com\/wp-content\/uploads\/2025\/07\/\u8be6\u60c5\u9875-1024x108-1-300x32.webp 300w, https:\/\/purenourishbio.com\/wp-content\/uploads\/2025\/07\/\u8be6\u60c5\u9875-1024x108-1-768x81.webp 768w, https:\/\/purenourishbio.com\/wp-content\/uploads\/2025\/07\/\u8be6\u60c5\u9875-1024x108-1-18x2.webp 18w, https:\/\/purenourishbio.com\/wp-content\/uploads\/2025\/07\/\u8be6\u60c5\u9875-1024x108-1-150x16.webp 150w\" sizes=\"(max-width: 666px) 100vw, 666px\" \/><\/p>","protected":false},"featured_media":1419,"comment_status":"open","ping_status":"closed","template":"","meta":[],"product_brand":[],"product_cat":[15],"product_tag":[],"class_list":{"0":"post-1182","1":"product","2":"type-product","3":"status-publish","4":"has-post-thumbnail","6":"product_cat-mushroom-extracts","8":"first","9":"instock","10":"featured","11":"shipping-taxable","12":"product-type-simple"},"_links":{"self":[{"href":"https:\/\/purenourishbio.com\/fr\/wp-json\/wp\/v2\/product\/1182","targetHints":{"allow":["GET"]}}],"collection":[{"href":"https:\/\/purenourishbio.com\/fr\/wp-json\/wp\/v2\/product"}],"about":[{"href":"https:\/\/purenourishbio.com\/fr\/wp-json\/wp\/v2\/types\/product"}],"replies":[{"embeddable":true,"href":"https:\/\/purenourishbio.com\/fr\/wp-json\/wp\/v2\/comments?post=1182"}],"wp:featuredmedia":[{"embeddable":true,"href":"https:\/\/purenourishbio.com\/fr\/wp-json\/wp\/v2\/media\/1419"}],"wp:attachment":[{"href":"https:\/\/purenourishbio.com\/fr\/wp-json\/wp\/v2\/media?parent=1182"}],"wp:term":[{"taxonomy":"product_brand","embeddable":true,"href":"https:\/\/purenourishbio.com\/fr\/wp-json\/wp\/v2\/product_brand?post=1182"},{"taxonomy":"product_cat","embeddable":true,"href":"https:\/\/purenourishbio.com\/fr\/wp-json\/wp\/v2\/product_cat?post=1182"},{"taxonomy":"product_tag","embeddable":true,"href":"https:\/\/purenourishbio.com\/fr\/wp-json\/wp\/v2\/product_tag?post=1182"}],"curies":[{"name":"wp","href":"https:\/\/api.w.org\/{rel}","templated":true}]}}