{"id":1176,"date":"2025-07-04T08:33:13","date_gmt":"2025-07-04T08:33:13","guid":{"rendered":"https:\/\/purenourishbio.com\/?post_type=product&#038;p=1176"},"modified":"2025-09-05T03:46:27","modified_gmt":"2025-09-05T03:46:27","slug":"organic-cordyceps-militaris-powder","status":"publish","type":"product","link":"https:\/\/purenourishbio.com\/fr\/produit\/organic-cordyceps-militaris-powder\/","title":{"rendered":"Extrait de Cordyceps Militaris biologique"},"content":{"rendered":"<p><strong><span style=\"font-size: 14pt;\"><img fetchpriority=\"high\" decoding=\"async\" class=\"size-large wp-image-1518 alignnone\" src=\"https:\/\/purenourishbio.com\/wp-content\/uploads\/2025\/07\/ad645366931a8f7b961aa48151d3b280-1024x185.png\" alt=\"\" width=\"1024\" height=\"185\" srcset=\"https:\/\/purenourishbio.com\/wp-content\/uploads\/2025\/07\/ad645366931a8f7b961aa48151d3b280-1024x185.png 1024w, https:\/\/purenourishbio.com\/wp-content\/uploads\/2025\/07\/ad645366931a8f7b961aa48151d3b280-300x54.png 300w, https:\/\/purenourishbio.com\/wp-content\/uploads\/2025\/07\/ad645366931a8f7b961aa48151d3b280-768x139.png 768w, https:\/\/purenourishbio.com\/wp-content\/uploads\/2025\/07\/ad645366931a8f7b961aa48151d3b280-18x3.png 18w, https:\/\/purenourishbio.com\/wp-content\/uploads\/2025\/07\/ad645366931a8f7b961aa48151d3b280-150x27.png 150w, https:\/\/purenourishbio.com\/wp-content\/uploads\/2025\/07\/ad645366931a8f7b961aa48151d3b280.png 1196w\" sizes=\"(max-width: 1024px) 100vw, 1024px\" \/><br \/>\n<\/span><\/strong><\/p>\n<p>&nbsp;<\/p>\n<ol>\n<li><span style=\"font-size: 14pt;\">Cordyc\u00e9pine : antivirale, antibact\u00e9rienne, inhibe significativement la croissance tumorale, anticanc\u00e9reuse.<\/span><\/li>\n<li><span style=\"font-size: 14pt;\">\u00a0Acide cordycepsique\u00a0: pr\u00e9vention et traitement de la thrombose, des accidents vasculaires c\u00e9r\u00e9braux, de l\u2019insuffisance r\u00e9nale, diur\u00e9tique.<\/span><\/li>\n<li><span style=\"font-size: 14pt;\">Ad\u00e9nosine\u00a0: antivirale, antibact\u00e9rienne, pr\u00e9vention et traitement de la thrombose, des accidents vasculaires c\u00e9r\u00e9braux, inhibition de l\u2019accumulation plaquettaire, pr\u00e9vention de la thrombose.<\/span><\/li>\n<li><span style=\"font-size: 14pt;\">Polysaccharide : am\u00e9liore l&#039;immunit\u00e9, anti-\u00e2ge, r\u00e9parateur, prot\u00e8ge le c\u0153ur et le foie, antispasmodique, renforce l&#039;immunit\u00e9 humaine.<\/span><\/li>\n<\/ol>\n<table style=\"height: 735px; width: 67.3735%; border-collapse: collapse; border-color: #080000; border-style: solid;\">\n<caption>\u00a0<\/caption>\n<tbody>\n<tr style=\"height: 24px;\">\n<td style=\"width: 99.5182%; height: 24px;\" colspan=\"3\">Laboratoires d&#039;essais\u00a0: Alkemist Lab, Eurofins, etc.<\/td>\n<\/tr>\n<tr style=\"height: 24px;\">\n<td style=\"width: 99.5182%; height: 24px;\" colspan=\"3\">\u00c9l\u00e9ments de test<\/td>\n<\/tr>\n<tr style=\"height: 24px;\">\n<td style=\"width: 28.9157%; height: 24px;\">IDENTIFIANT<\/td>\n<td style=\"width: 38.3133%; height: 24px;\">Cordyceps militaris<\/td>\n<td style=\"width: 32.2892%; height: 24px;\">Caract\u00e9ristiques<\/td>\n<\/tr>\n<tr style=\"height: 10px;\">\n<td style=\"width: 28.9157%; height: 81px;\" rowspan=\"4\">Ingr\u00e9dients fonctionnels<\/td>\n<td style=\"width: 38.3133%; height: 10px;\"><strong>B\u00eata-glucane<span style=\"font-size: 10pt; color: #ff0000;\"> (Aucun op\u00e9rateur)<\/span><\/strong><\/td>\n<td style=\"width: 32.2892%; height: 10px;\">20%\u201340% <span style=\"font-size: 10pt;\">(Kit Megazyme K-YBGL)<\/span><\/td>\n<\/tr>\n<tr style=\"height: 23px;\">\n<td style=\"width: 38.3133%; height: 23px;\"><strong>Polysaccharides<\/strong><\/td>\n<td style=\"width: 32.2892%; height: 23px;\">10%\u201350%<\/td>\n<\/tr>\n<tr style=\"height: 24px;\">\n<td style=\"width: 38.3133%; height: 24px;\"><strong>Ad\u00e9nosine<\/strong><\/td>\n<td style=\"width: 32.2892%; height: 24px;\">0.1%-1%<\/td>\n<\/tr>\n<tr style=\"height: 24px;\">\n<td style=\"width: 38.3133%; height: 24px;\"><strong>Cordyc\u00e9pine<\/strong><\/td>\n<td style=\"width: 32.2892%; height: 24px;\">0,1%\u20135%<\/td>\n<\/tr>\n<tr style=\"height: 24px;\">\n<td style=\"width: 28.9157%; height: 96px;\" rowspan=\"4\">Heavy Metal<\/td>\n<td style=\"width: 38.3133%; height: 24px;\">Plomb (Pb)<\/td>\n<td style=\"width: 32.2892%; height: 24px;\">&lt;1,0 mg\/kg<\/td>\n<\/tr>\n<tr style=\"height: 24px;\">\n<td style=\"width: 38.3133%; height: 24px;\">Arsenic (As)<\/td>\n<td style=\"width: 32.2892%; height: 24px;\">&lt;1,0 mg\/kg<\/td>\n<\/tr>\n<tr style=\"height: 24px;\">\n<td style=\"width: 38.3133%; height: 24px;\">Cadmium (Cd)<\/td>\n<td style=\"width: 32.2892%; height: 24px;\">&lt;1,0 mg\/kg<\/td>\n<\/tr>\n<tr style=\"height: 24px;\">\n<td style=\"width: 38.3133%; height: 24px;\">Mercure (Hg)<\/td>\n<td style=\"width: 32.2892%; height: 24px;\">&lt;0,1 mg\/kg<\/td>\n<\/tr>\n<tr style=\"height: 24px;\">\n<td style=\"width: 28.9157%; height: 24px;\">Pesticides<\/td>\n<td style=\"width: 38.3133%; height: 24px;\">539 articles de pesticides<\/td>\n<td style=\"width: 32.2892%; height: 24px;\">Respecter les exigences de l&#039;USP<\/td>\n<\/tr>\n<tr style=\"height: 24px;\">\n<td style=\"width: 28.9157%; height: 142px;\" rowspan=\"6\">Microbe<\/td>\n<td style=\"width: 38.3133%; height: 24px;\">Num\u00e9ration totale sur plaque<\/td>\n<td style=\"width: 32.2892%; height: 24px;\">&lt;3 000 UFC\/g<\/td>\n<\/tr>\n<tr style=\"height: 24px;\">\n<td style=\"width: 38.3133%; height: 24px;\">Levures et moisissures<\/td>\n<td style=\"width: 32.2892%; height: 24px;\">&lt;100 UFC\/g<\/td>\n<\/tr>\n<tr style=\"height: 22px;\">\n<td style=\"width: 38.3133%; height: 22px;\">Coliformes<\/td>\n<td style=\"width: 32.2892%; height: 22px;\">&lt;10 UFC\/g<\/td>\n<\/tr>\n<tr style=\"height: 24px;\">\n<td style=\"width: 38.3133%; height: 24px;\">E. coli.<\/td>\n<td style=\"width: 32.2892%; height: 24px;\">N\u00e9gatif<\/td>\n<\/tr>\n<tr style=\"height: 24px;\">\n<td style=\"width: 38.3133%; height: 24px;\">Salmonelle<\/td>\n<td style=\"width: 32.2892%; height: 24px;\">N\u00e9gatif<\/td>\n<\/tr>\n<tr style=\"height: 24px;\">\n<td style=\"width: 38.3133%; height: 24px;\">Staphylocoque dor\u00e9<\/td>\n<td style=\"width: 32.2892%; height: 24px;\">N\u00e9gatif<\/td>\n<\/tr>\n<\/tbody>\n<\/table>\n<p><span style=\"color: #ff6600;\"><strong>Rapport de test<\/strong><\/span><\/p>\n<p><img decoding=\"async\" class=\"wp-image-1519\" src=\"https:\/\/purenourishbio.com\/wp-content\/uploads\/2025\/07\/a06ddc22b03e95650f6294cf952cc00e-1024x556.jpg\" alt=\"\" width=\"649\" height=\"352\" srcset=\"https:\/\/purenourishbio.com\/wp-content\/uploads\/2025\/07\/a06ddc22b03e95650f6294cf952cc00e-1024x556.jpg 1024w, https:\/\/purenourishbio.com\/wp-content\/uploads\/2025\/07\/a06ddc22b03e95650f6294cf952cc00e-300x163.jpg 300w, https:\/\/purenourishbio.com\/wp-content\/uploads\/2025\/07\/a06ddc22b03e95650f6294cf952cc00e-768x417.jpg 768w, https:\/\/purenourishbio.com\/wp-content\/uploads\/2025\/07\/a06ddc22b03e95650f6294cf952cc00e-1536x834.jpg 1536w, https:\/\/purenourishbio.com\/wp-content\/uploads\/2025\/07\/a06ddc22b03e95650f6294cf952cc00e-18x10.jpg 18w, https:\/\/purenourishbio.com\/wp-content\/uploads\/2025\/07\/a06ddc22b03e95650f6294cf952cc00e-1200x652.jpg 1200w, https:\/\/purenourishbio.com\/wp-content\/uploads\/2025\/07\/a06ddc22b03e95650f6294cf952cc00e-150x81.jpg 150w, https:\/\/purenourishbio.com\/wp-content\/uploads\/2025\/07\/a06ddc22b03e95650f6294cf952cc00e.jpg 1978w\" sizes=\"(max-width: 649px) 100vw, 649px\" \/><\/p>\n<p><img decoding=\"async\" class=\"wp-image-1520\" src=\"https:\/\/purenourishbio.com\/wp-content\/uploads\/2025\/07\/a8f28903ddbeb28afb97a6ebf7118f79-1024x442.jpg\" alt=\"\" width=\"647\" height=\"279\" srcset=\"https:\/\/purenourishbio.com\/wp-content\/uploads\/2025\/07\/a8f28903ddbeb28afb97a6ebf7118f79-1024x442.jpg 1024w, https:\/\/purenourishbio.com\/wp-content\/uploads\/2025\/07\/a8f28903ddbeb28afb97a6ebf7118f79-300x129.jpg 300w, https:\/\/purenourishbio.com\/wp-content\/uploads\/2025\/07\/a8f28903ddbeb28afb97a6ebf7118f79-768x331.jpg 768w, https:\/\/purenourishbio.com\/wp-content\/uploads\/2025\/07\/a8f28903ddbeb28afb97a6ebf7118f79-1536x663.jpg 1536w, https:\/\/purenourishbio.com\/wp-content\/uploads\/2025\/07\/a8f28903ddbeb28afb97a6ebf7118f79-2048x884.jpg 2048w, https:\/\/purenourishbio.com\/wp-content\/uploads\/2025\/07\/a8f28903ddbeb28afb97a6ebf7118f79-18x8.jpg 18w, https:\/\/purenourishbio.com\/wp-content\/uploads\/2025\/07\/a8f28903ddbeb28afb97a6ebf7118f79-1200x518.jpg 1200w, https:\/\/purenourishbio.com\/wp-content\/uploads\/2025\/07\/a8f28903ddbeb28afb97a6ebf7118f79-150x65.jpg 150w\" sizes=\"(max-width: 647px) 100vw, 647px\" \/><\/p>","protected":false},"excerpt":{"rendered":"<p><span style=\"font-size: 14pt;\">Le Cordyceps militaris, \u00e9galement connu sous le nom de champignon chenille de Chine du Nord, est un champignon m\u00e9dicinal, une bact\u00e9rie entomologique rare utilis\u00e9e en m\u00e9decine traditionnelle chinoise. Appartenant \u00e0 l&#039;embranchement des champignons, il est riche en prot\u00e9ines, contient 18 acides amin\u00e9s et 30 oligo-\u00e9l\u00e9ments essentiels \u00e0 l&#039;organisme, ce qui en fait un excellent tonique.<\/span><\/p>\n<p><img loading=\"lazy\" decoding=\"async\" class=\"alignleft size-large wp-image-1376\" src=\"https:\/\/purenourishbio.com\/wp-content\/uploads\/2025\/07\/\u8be6\u60c5\u9875-1024x108.jpg\" alt=\"\" width=\"1024\" height=\"108\" srcset=\"https:\/\/purenourishbio.com\/wp-content\/uploads\/2025\/07\/\u8be6\u60c5\u9875-1024x108.jpg 1024w, https:\/\/purenourishbio.com\/wp-content\/uploads\/2025\/07\/\u8be6\u60c5\u9875-300x32.jpg 300w, https:\/\/purenourishbio.com\/wp-content\/uploads\/2025\/07\/\u8be6\u60c5\u9875-768x81.jpg 768w, https:\/\/purenourishbio.com\/wp-content\/uploads\/2025\/07\/\u8be6\u60c5\u9875-1536x162.jpg 1536w, https:\/\/purenourishbio.com\/wp-content\/uploads\/2025\/07\/\u8be6\u60c5\u9875-2048x216.jpg 2048w, https:\/\/purenourishbio.com\/wp-content\/uploads\/2025\/07\/\u8be6\u60c5\u9875-18x2.jpg 18w, https:\/\/purenourishbio.com\/wp-content\/uploads\/2025\/07\/\u8be6\u60c5\u9875-1200x127.jpg 1200w, https:\/\/purenourishbio.com\/wp-content\/uploads\/2025\/07\/\u8be6\u60c5\u9875-150x16.jpg 150w\" sizes=\"(max-width: 1024px) 100vw, 1024px\" \/><\/p>","protected":false},"featured_media":1423,"comment_status":"open","ping_status":"closed","template":"","meta":[],"product_brand":[],"product_cat":[15],"product_tag":[],"class_list":{"0":"post-1176","1":"product","2":"type-product","3":"status-publish","4":"has-post-thumbnail","6":"product_cat-mushroom-extracts","8":"first","9":"instock","10":"featured","11":"shipping-taxable","12":"product-type-simple"},"_links":{"self":[{"href":"https:\/\/purenourishbio.com\/fr\/wp-json\/wp\/v2\/product\/1176","targetHints":{"allow":["GET"]}}],"collection":[{"href":"https:\/\/purenourishbio.com\/fr\/wp-json\/wp\/v2\/product"}],"about":[{"href":"https:\/\/purenourishbio.com\/fr\/wp-json\/wp\/v2\/types\/product"}],"replies":[{"embeddable":true,"href":"https:\/\/purenourishbio.com\/fr\/wp-json\/wp\/v2\/comments?post=1176"}],"wp:featuredmedia":[{"embeddable":true,"href":"https:\/\/purenourishbio.com\/fr\/wp-json\/wp\/v2\/media\/1423"}],"wp:attachment":[{"href":"https:\/\/purenourishbio.com\/fr\/wp-json\/wp\/v2\/media?parent=1176"}],"wp:term":[{"taxonomy":"product_brand","embeddable":true,"href":"https:\/\/purenourishbio.com\/fr\/wp-json\/wp\/v2\/product_brand?post=1176"},{"taxonomy":"product_cat","embeddable":true,"href":"https:\/\/purenourishbio.com\/fr\/wp-json\/wp\/v2\/product_cat?post=1176"},{"taxonomy":"product_tag","embeddable":true,"href":"https:\/\/purenourishbio.com\/fr\/wp-json\/wp\/v2\/product_tag?post=1176"}],"curies":[{"name":"wp","href":"https:\/\/api.w.org\/{rel}","templated":true}]}}