{"id":884,"date":"2025-06-06T08:07:07","date_gmt":"2025-06-06T08:07:07","guid":{"rendered":"https:\/\/purenourishbio.com\/?page_id=884"},"modified":"2025-10-17T06:50:31","modified_gmt":"2025-10-17T06:50:31","slug":"organic-farm","status":"publish","type":"page","link":"https:\/\/purenourishbio.com\/fr\/organic-farm\/","title":{"rendered":"Ferme biologique"},"content":{"rendered":"<div data-elementor-type=\"wp-page\" data-elementor-id=\"884\" class=\"elementor elementor-884\" data-elementor-post-type=\"page\">\n\t\t\t\t<div class=\"wd-negative-gap elementor-element elementor-element-c10ccd5 e-flex e-con-boxed e-con e-parent\" data-id=\"c10ccd5\" data-element_type=\"container\" data-e-type=\"container\">\n\t\t\t\t\t<div class=\"e-con-inner\">\n\t\t\t\t<div class=\"elementor-element elementor-element-e6b00c1 wd-width-100 elementor-widget elementor-widget-wd_title\" data-id=\"e6b00c1\" data-element_type=\"widget\" data-e-type=\"widget\" data-widget_type=\"wd_title.default\">\n\t\t\t\t<div class=\"elementor-widget-container\">\n\t\t\t\t\t\t\t<div class=\"title-wrapper wd-set-mb reset-last-child wd-title-color-default wd-title-style-default wd-title-size-default text-center\">\n\n\t\t\t\n\t\t\t<div class=\"liner-continer\">\n\t\t\t\t<h4 class=\"woodmart-title-container title wd-fontsize-l\">Ferme biologique UE\/USDA <\/h4> \n\t\t\t\t\t\t\t<\/div>\n\n\t\t\t\t\t<\/div>\n\t\t\t\t\t\t<\/div>\n\t\t\t\t<\/div>\n\t\t\t\t<div class=\"elementor-element elementor-element-8c24cee wd-width-100 elementor-widget elementor-widget-wd_images_gallery\" data-id=\"8c24cee\" data-element_type=\"widget\" data-e-type=\"widget\" data-widget_type=\"wd_images_gallery.default\">\n\t\t\t\t<div class=\"elementor-widget-container\">\n\t\t\t\t\t\t\t<div class=\"wd-images-gallery photoswipe-images\" style=\"--wd-align-items:center; --wd-justify-content:center;\">\n\t\t\t\t\t\t<div class=\"wd-grid-g\" style=\"--wd-col-lg:4;--wd-col-md:4;--wd-col-sm:2;--wd-gap-lg:10px;\" >\n\t\t\t\t\t\t\t\t\t\t\t\t\t\t\t\t\t\t<div class=\"wd-gallery-item wd-col\">\n\t\t\t\t\t\t\t\t\t\t\t\t\t<a  href=\"https:\/\/purenourishbio.com\/wp-content\/uploads\/2025\/10\/e80158c21ab79fe44c3ba6a37cf663d0.jpg\" data-width=\"1080\" data-height=\"1440\" data-index=\"1\" data-elementor-open-lightbox=\"no\">\n\t\t\t\t\t\t\n\t\t\t\t\t\t<img fetchpriority=\"high\" decoding=\"async\" width=\"1080\" height=\"1440\" src=\"https:\/\/purenourishbio.com\/wp-content\/uploads\/2025\/10\/e80158c21ab79fe44c3ba6a37cf663d0.jpg\" class=\"attachment-full size-full\" alt=\"e80158c21ab79fe44c3ba6a37cf663d0\" srcset=\"https:\/\/purenourishbio.com\/wp-content\/uploads\/2025\/10\/e80158c21ab79fe44c3ba6a37cf663d0.jpg 1080w, https:\/\/purenourishbio.com\/wp-content\/uploads\/2025\/10\/e80158c21ab79fe44c3ba6a37cf663d0-225x300.jpg 225w, https:\/\/purenourishbio.com\/wp-content\/uploads\/2025\/10\/e80158c21ab79fe44c3ba6a37cf663d0-768x1024.jpg 768w, https:\/\/purenourishbio.com\/wp-content\/uploads\/2025\/10\/e80158c21ab79fe44c3ba6a37cf663d0-9x12.jpg 9w, https:\/\/purenourishbio.com\/wp-content\/uploads\/2025\/10\/e80158c21ab79fe44c3ba6a37cf663d0-150x200.jpg 150w\" sizes=\"(max-width: 1080px) 100vw, 1080px\" \/>\n\t\t\t\t\t\t\t\t\t\t\t\t\t<\/a>\n\t\t\t\t\t\t\t\t\t\t\t<\/div>\n\t\t\t\t\t\t\t\t\t\t\t\t\t\t\t<div class=\"wd-gallery-item wd-col\">\n\t\t\t\t\t\t\t\t\t\t\t\t\t<a  href=\"https:\/\/purenourishbio.com\/wp-content\/uploads\/2025\/10\/5dc5d8b0e731697492fde24f2f45fab7.jpg\" data-width=\"1080\" data-height=\"1440\" data-index=\"2\" data-elementor-open-lightbox=\"no\">\n\t\t\t\t\t\t\n\t\t\t\t\t\t<img decoding=\"async\" width=\"1080\" height=\"1440\" src=\"https:\/\/purenourishbio.com\/wp-content\/uploads\/2025\/10\/5dc5d8b0e731697492fde24f2f45fab7.jpg\" class=\"attachment-full size-full\" alt=\"5dc5d8b0e731697492fde24f2f45fab7\" srcset=\"https:\/\/purenourishbio.com\/wp-content\/uploads\/2025\/10\/5dc5d8b0e731697492fde24f2f45fab7.jpg 1080w, https:\/\/purenourishbio.com\/wp-content\/uploads\/2025\/10\/5dc5d8b0e731697492fde24f2f45fab7-225x300.jpg 225w, https:\/\/purenourishbio.com\/wp-content\/uploads\/2025\/10\/5dc5d8b0e731697492fde24f2f45fab7-768x1024.jpg 768w, https:\/\/purenourishbio.com\/wp-content\/uploads\/2025\/10\/5dc5d8b0e731697492fde24f2f45fab7-9x12.jpg 9w, https:\/\/purenourishbio.com\/wp-content\/uploads\/2025\/10\/5dc5d8b0e731697492fde24f2f45fab7-150x200.jpg 150w\" sizes=\"(max-width: 1080px) 100vw, 1080px\" \/>\n\t\t\t\t\t\t\t\t\t\t\t\t\t<\/a>\n\t\t\t\t\t\t\t\t\t\t\t<\/div>\n\t\t\t\t\t\t\t\t\t\t\t\t\t\t\t<div class=\"wd-gallery-item wd-col\">\n\t\t\t\t\t\t\t\t\t\t\t\t\t<a  href=\"https:\/\/purenourishbio.com\/wp-content\/uploads\/2025\/10\/aa79d3b1e518e611c15df21c385288e0.jpg\" data-width=\"960\" data-height=\"1280\" data-index=\"3\" data-elementor-open-lightbox=\"no\">\n\t\t\t\t\t\t\n\t\t\t\t\t\t<img decoding=\"async\" width=\"960\" height=\"1280\" src=\"https:\/\/purenourishbio.com\/wp-content\/uploads\/2025\/10\/aa79d3b1e518e611c15df21c385288e0.jpg\" class=\"attachment-full size-full\" alt=\"aa79d3b1e518e611c15df21c385288e0\" srcset=\"https:\/\/purenourishbio.com\/wp-content\/uploads\/2025\/10\/aa79d3b1e518e611c15df21c385288e0.jpg 960w, https:\/\/purenourishbio.com\/wp-content\/uploads\/2025\/10\/aa79d3b1e518e611c15df21c385288e0-225x300.jpg 225w, https:\/\/purenourishbio.com\/wp-content\/uploads\/2025\/10\/aa79d3b1e518e611c15df21c385288e0-768x1024.jpg 768w, https:\/\/purenourishbio.com\/wp-content\/uploads\/2025\/10\/aa79d3b1e518e611c15df21c385288e0-9x12.jpg 9w, https:\/\/purenourishbio.com\/wp-content\/uploads\/2025\/10\/aa79d3b1e518e611c15df21c385288e0-150x200.jpg 150w\" sizes=\"(max-width: 960px) 100vw, 960px\" \/>\n\t\t\t\t\t\t\t\t\t\t\t\t\t<\/a>\n\t\t\t\t\t\t\t\t\t\t\t<\/div>\n\t\t\t\t\t\t\t\t\t\t\t\t\t\t\t<div class=\"wd-gallery-item wd-col\">\n\t\t\t\t\t\t\t\t\t\t\t\t\t<a  href=\"https:\/\/purenourishbio.com\/wp-content\/uploads\/2025\/10\/c3ca5d183c91e112ac205bba61aeceb7.jpg\" data-width=\"1280\" data-height=\"1707\" data-index=\"4\" data-elementor-open-lightbox=\"no\">\n\t\t\t\t\t\t\n\t\t\t\t\t\t<img loading=\"lazy\" decoding=\"async\" width=\"1280\" height=\"1707\" src=\"https:\/\/purenourishbio.com\/wp-content\/uploads\/2025\/10\/c3ca5d183c91e112ac205bba61aeceb7.jpg\" class=\"attachment-full size-full\" alt=\"c3ca5d183c91e112ac205bba61aeceb7\" srcset=\"https:\/\/purenourishbio.com\/wp-content\/uploads\/2025\/10\/c3ca5d183c91e112ac205bba61aeceb7.jpg 1280w, https:\/\/purenourishbio.com\/wp-content\/uploads\/2025\/10\/c3ca5d183c91e112ac205bba61aeceb7-225x300.jpg 225w, https:\/\/purenourishbio.com\/wp-content\/uploads\/2025\/10\/c3ca5d183c91e112ac205bba61aeceb7-768x1024.jpg 768w, https:\/\/purenourishbio.com\/wp-content\/uploads\/2025\/10\/c3ca5d183c91e112ac205bba61aeceb7-1152x1536.jpg 1152w, https:\/\/purenourishbio.com\/wp-content\/uploads\/2025\/10\/c3ca5d183c91e112ac205bba61aeceb7-9x12.jpg 9w, https:\/\/purenourishbio.com\/wp-content\/uploads\/2025\/10\/c3ca5d183c91e112ac205bba61aeceb7-1200x1600.jpg 1200w, https:\/\/purenourishbio.com\/wp-content\/uploads\/2025\/10\/c3ca5d183c91e112ac205bba61aeceb7-150x200.jpg 150w\" sizes=\"(max-width: 1280px) 100vw, 1280px\" \/>\n\t\t\t\t\t\t\t\t\t\t\t\t\t<\/a>\n\t\t\t\t\t\t\t\t\t\t\t<\/div>\n\t\t\t\t\t\t\t\t\t\t\t\t\t\t\t<div class=\"wd-gallery-item wd-col\">\n\t\t\t\t\t\t\t\t\t\t\t\t\t<a  href=\"https:\/\/purenourishbio.com\/wp-content\/uploads\/2025\/10\/8070fe2ab5c27ffb4883caf3276d9c76.jpg\" data-width=\"1984\" data-height=\"1298\" data-index=\"5\" data-elementor-open-lightbox=\"no\">\n\t\t\t\t\t\t\n\t\t\t\t\t\t<img loading=\"lazy\" decoding=\"async\" width=\"1984\" height=\"1298\" src=\"https:\/\/purenourishbio.com\/wp-content\/uploads\/2025\/10\/8070fe2ab5c27ffb4883caf3276d9c76.jpg\" class=\"attachment-full size-full\" alt=\"8070fe2ab5c27ffb4883caf3276d9c76\" srcset=\"https:\/\/purenourishbio.com\/wp-content\/uploads\/2025\/10\/8070fe2ab5c27ffb4883caf3276d9c76.jpg 1984w, https:\/\/purenourishbio.com\/wp-content\/uploads\/2025\/10\/8070fe2ab5c27ffb4883caf3276d9c76-300x196.jpg 300w, https:\/\/purenourishbio.com\/wp-content\/uploads\/2025\/10\/8070fe2ab5c27ffb4883caf3276d9c76-1024x670.jpg 1024w, https:\/\/purenourishbio.com\/wp-content\/uploads\/2025\/10\/8070fe2ab5c27ffb4883caf3276d9c76-768x502.jpg 768w, https:\/\/purenourishbio.com\/wp-content\/uploads\/2025\/10\/8070fe2ab5c27ffb4883caf3276d9c76-1536x1005.jpg 1536w, https:\/\/purenourishbio.com\/wp-content\/uploads\/2025\/10\/8070fe2ab5c27ffb4883caf3276d9c76-18x12.jpg 18w, https:\/\/purenourishbio.com\/wp-content\/uploads\/2025\/10\/8070fe2ab5c27ffb4883caf3276d9c76-1200x785.jpg 1200w, https:\/\/purenourishbio.com\/wp-content\/uploads\/2025\/10\/8070fe2ab5c27ffb4883caf3276d9c76-150x98.jpg 150w\" sizes=\"(max-width: 1984px) 100vw, 1984px\" \/>\n\t\t\t\t\t\t\t\t\t\t\t\t\t<\/a>\n\t\t\t\t\t\t\t\t\t\t\t<\/div>\n\t\t\t\t\t\t\t\t\t\t\t\t\t\t\t<div class=\"wd-gallery-item wd-col\">\n\t\t\t\t\t\t\t\t\t\t\t\t\t<a  href=\"https:\/\/purenourishbio.com\/wp-content\/uploads\/2025\/10\/60b4d477cdb18e3ff578a8f29942d38a.jpg\" data-width=\"1824\" data-height=\"1368\" data-index=\"6\" data-elementor-open-lightbox=\"no\">\n\t\t\t\t\t\t\n\t\t\t\t\t\t<img loading=\"lazy\" decoding=\"async\" width=\"1824\" height=\"1368\" src=\"https:\/\/purenourishbio.com\/wp-content\/uploads\/2025\/10\/60b4d477cdb18e3ff578a8f29942d38a.jpg\" class=\"attachment-full size-full\" alt=\"60b4d477cdb18e3ff578a8f29942d38a\" srcset=\"https:\/\/purenourishbio.com\/wp-content\/uploads\/2025\/10\/60b4d477cdb18e3ff578a8f29942d38a.jpg 1824w, https:\/\/purenourishbio.com\/wp-content\/uploads\/2025\/10\/60b4d477cdb18e3ff578a8f29942d38a-300x225.jpg 300w, https:\/\/purenourishbio.com\/wp-content\/uploads\/2025\/10\/60b4d477cdb18e3ff578a8f29942d38a-1024x768.jpg 1024w, https:\/\/purenourishbio.com\/wp-content\/uploads\/2025\/10\/60b4d477cdb18e3ff578a8f29942d38a-768x576.jpg 768w, https:\/\/purenourishbio.com\/wp-content\/uploads\/2025\/10\/60b4d477cdb18e3ff578a8f29942d38a-1536x1152.jpg 1536w, https:\/\/purenourishbio.com\/wp-content\/uploads\/2025\/10\/60b4d477cdb18e3ff578a8f29942d38a-16x12.jpg 16w, https:\/\/purenourishbio.com\/wp-content\/uploads\/2025\/10\/60b4d477cdb18e3ff578a8f29942d38a-1200x900.jpg 1200w, https:\/\/purenourishbio.com\/wp-content\/uploads\/2025\/10\/60b4d477cdb18e3ff578a8f29942d38a-150x113.jpg 150w\" sizes=\"(max-width: 1824px) 100vw, 1824px\" \/>\n\t\t\t\t\t\t\t\t\t\t\t\t\t<\/a>\n\t\t\t\t\t\t\t\t\t\t\t<\/div>\n\t\t\t\t\t\t\t\t\t\t\t\t\t\t\t<div class=\"wd-gallery-item wd-col\">\n\t\t\t\t\t\t\t\t\t\t\t\t\t<a  href=\"https:\/\/purenourishbio.com\/wp-content\/uploads\/2025\/10\/930698639dc5b7f7d2c5398d1183e1bd.jpg\" data-width=\"1707\" data-height=\"1280\" data-index=\"7\" data-elementor-open-lightbox=\"no\">\n\t\t\t\t\t\t\n\t\t\t\t\t\t<img loading=\"lazy\" decoding=\"async\" width=\"1707\" height=\"1280\" src=\"https:\/\/purenourishbio.com\/wp-content\/uploads\/2025\/10\/930698639dc5b7f7d2c5398d1183e1bd.jpg\" class=\"attachment-full size-full\" alt=\"930698639dc5b7f7d2c5398d1183e1bd\" srcset=\"https:\/\/purenourishbio.com\/wp-content\/uploads\/2025\/10\/930698639dc5b7f7d2c5398d1183e1bd.jpg 1707w, https:\/\/purenourishbio.com\/wp-content\/uploads\/2025\/10\/930698639dc5b7f7d2c5398d1183e1bd-300x225.jpg 300w, https:\/\/purenourishbio.com\/wp-content\/uploads\/2025\/10\/930698639dc5b7f7d2c5398d1183e1bd-1024x768.jpg 1024w, https:\/\/purenourishbio.com\/wp-content\/uploads\/2025\/10\/930698639dc5b7f7d2c5398d1183e1bd-768x576.jpg 768w, https:\/\/purenourishbio.com\/wp-content\/uploads\/2025\/10\/930698639dc5b7f7d2c5398d1183e1bd-1536x1152.jpg 1536w, https:\/\/purenourishbio.com\/wp-content\/uploads\/2025\/10\/930698639dc5b7f7d2c5398d1183e1bd-16x12.jpg 16w, https:\/\/purenourishbio.com\/wp-content\/uploads\/2025\/10\/930698639dc5b7f7d2c5398d1183e1bd-1200x900.jpg 1200w, https:\/\/purenourishbio.com\/wp-content\/uploads\/2025\/10\/930698639dc5b7f7d2c5398d1183e1bd-150x112.jpg 150w\" sizes=\"(max-width: 1707px) 100vw, 1707px\" \/>\n\t\t\t\t\t\t\t\t\t\t\t\t\t<\/a>\n\t\t\t\t\t\t\t\t\t\t\t<\/div>\n\t\t\t\t\t\t\t\t\t\t\t\t\t\t\t<div class=\"wd-gallery-item wd-col\">\n\t\t\t\t\t\t\t\t\t\t\t\t\t<a  href=\"https:\/\/purenourishbio.com\/wp-content\/uploads\/2025\/10\/f6c0f479a9dbe663b87dc11896f04372.jpg\" data-width=\"1440\" data-height=\"1080\" data-index=\"8\" data-elementor-open-lightbox=\"no\">\n\t\t\t\t\t\t\n\t\t\t\t\t\t<img loading=\"lazy\" decoding=\"async\" width=\"1440\" height=\"1080\" src=\"https:\/\/purenourishbio.com\/wp-content\/uploads\/2025\/10\/f6c0f479a9dbe663b87dc11896f04372.jpg\" class=\"attachment-full size-full\" alt=\"{&quot;tiktok_developers_3p_anchor_params&quot;:&quot;{&quot;filter_id&quot;:[],&quot;template_id&quot;:&quot;&quot;,&quot;client_key&quot;:&quot;awgvo7gzpeas2ho6&quot;}&quot;,&quot;data&quot;:{&quot;infoStickerId&quot;:&quot;&quot;,&quot;appversion&quot;:&quot;5.7.0&quot;,&quot;product&quot;:&quot;retouch&quot;,&quot;playId&quot;:&quot;&quot;,&quot;os&quot;:&quot;ios&quot;,&quot;imageEffectId&quot;:&quot;&quot;,&quot;activityName&quot;:&quot;&quot;,&quot;filterId&quot;:&quot;&quot;,&quot;enter_from&quot;:&quot;enter_launch&quot;,&quot;stickerId&quot;:&quot;&quot;,&quot;pictureId&quot;:&quot;C7CD3985-146B-49B1-8124-A71C08D3DDC6&quot;},&quot;source_type&quot;:&quot;hypic&quot;}\" srcset=\"https:\/\/purenourishbio.com\/wp-content\/uploads\/2025\/10\/f6c0f479a9dbe663b87dc11896f04372.jpg 1440w, https:\/\/purenourishbio.com\/wp-content\/uploads\/2025\/10\/f6c0f479a9dbe663b87dc11896f04372-300x225.jpg 300w, https:\/\/purenourishbio.com\/wp-content\/uploads\/2025\/10\/f6c0f479a9dbe663b87dc11896f04372-1024x768.jpg 1024w, https:\/\/purenourishbio.com\/wp-content\/uploads\/2025\/10\/f6c0f479a9dbe663b87dc11896f04372-768x576.jpg 768w, https:\/\/purenourishbio.com\/wp-content\/uploads\/2025\/10\/f6c0f479a9dbe663b87dc11896f04372-16x12.jpg 16w, https:\/\/purenourishbio.com\/wp-content\/uploads\/2025\/10\/f6c0f479a9dbe663b87dc11896f04372-1200x900.jpg 1200w, https:\/\/purenourishbio.com\/wp-content\/uploads\/2025\/10\/f6c0f479a9dbe663b87dc11896f04372-150x113.jpg 150w\" sizes=\"(max-width: 1440px) 100vw, 1440px\" \/>\n\t\t\t\t\t\t\t\t\t\t\t\t\t<\/a>\n\t\t\t\t\t\t\t\t\t\t\t<\/div>\n\t\t\t\t\t\t\t\t\t\t\t\t\t<\/div>\n\t\t\t\t\t<\/div>\n\t\t\t\t\t\t<\/div>\n\t\t\t\t<\/div>\n\t\t\t\t\t<\/div>\n\t\t\t\t<\/div>\n\t\t<div class=\"wd-negative-gap elementor-element elementor-element-58a0395 e-flex e-con-boxed e-con e-parent\" data-id=\"58a0395\" data-element_type=\"container\" data-e-type=\"container\">\n\t\t\t\t\t<div class=\"e-con-inner\">\n\t\t\t\t<div class=\"elementor-element elementor-element-0948f81 wd-width-100 elementor-widget elementor-widget-wd_title\" data-id=\"0948f81\" data-element_type=\"widget\" data-e-type=\"widget\" data-widget_type=\"wd_title.default\">\n\t\t\t\t<div class=\"elementor-widget-container\">\n\t\t\t\t\t\t\t<div class=\"title-wrapper wd-set-mb reset-last-child wd-title-color-default wd-title-style-default wd-title-size-default text-center\">\n\n\t\t\t\n\t\t\t<div class=\"liner-continer\">\n\t\t\t\t<h4 class=\"woodmart-title-container title wd-fontsize-l\">Environnement de ferme biologique<\/h4> \n\t\t\t\t\t\t\t<\/div>\n\n\t\t\t\t\t<\/div>\n\t\t\t\t\t\t<\/div>\n\t\t\t\t<\/div>\n\t\t\t\t\t<\/div>\n\t\t\t\t<\/div>\n\t\t<div class=\"wd-negative-gap elementor-element elementor-element-4413234 e-flex e-con-boxed e-con e-parent\" data-id=\"4413234\" data-element_type=\"container\" data-e-type=\"container\">\n\t\t\t\t\t<div class=\"e-con-inner\">\n\t\t<div class=\"elementor-element elementor-element-6f2688f e-con-full e-flex e-con e-child\" data-id=\"6f2688f\" data-element_type=\"container\" data-e-type=\"container\">\n\t\t\t\t<div class=\"elementor-element elementor-element-a0b3fec wd-width-100 elementor-widget elementor-widget-wd_video\" data-id=\"a0b3fec\" data-element_type=\"widget\" data-e-type=\"widget\" data-widget_type=\"wd_video.default\">\n\t\t\t\t<div class=\"elementor-widget-container\">\n\t\t\t\t\t\n\t\t<div class=\"wd-el-video wd-action-without wd-video-youtube wd-with-aspect-ratio\">\n\t\t\t\t\t\t\t<iframe src=\"https:\/\/www.youtube.com\/embed\/oUTC5NdCgSU?feature=oembed&loop=0&mute=0&controls=1\" allowfullscreen allow=\"accelerometer; autoplay; encrypted-media; gyroscope; picture-in-picture\" width=\"100%\" height=\"100%\" loading=\"lazy\"><\/iframe>\t\t\t\n\t\t\t\n\t\t\t\n\t\t\t\t\t<\/div>\n\t\t\t\t\t\t<\/div>\n\t\t\t\t<\/div>\n\t\t\t\t<div class=\"elementor-element elementor-element-4f77d10 wd-width-100 elementor-widget elementor-widget-wd_title\" data-id=\"4f77d10\" data-element_type=\"widget\" data-e-type=\"widget\" data-widget_type=\"wd_title.default\">\n\t\t\t\t<div class=\"elementor-widget-container\">\n\t\t\t\t\t\t\t<div class=\"title-wrapper wd-set-mb reset-last-child wd-title-color-default wd-title-style-default wd-title-size-default text-left\">\n\n\t\t\t\n\t\t\t<div class=\"liner-continer\">\n\t\t\t\t<h4 class=\"woodmart-title-container title wd-fontsize-l\">Ferme de Reishi biologique<\/h4> \n\t\t\t\t\t\t\t<\/div>\n\n\t\t\t\t\t<\/div>\n\t\t\t\t\t\t<\/div>\n\t\t\t\t<\/div>\n\t\t\t\t<\/div>\n\t\t<div class=\"elementor-element elementor-element-50b157b e-con-full e-flex e-con e-child\" data-id=\"50b157b\" data-element_type=\"container\" data-e-type=\"container\">\n\t\t\t\t<div class=\"elementor-element elementor-element-a3b0a95 wd-width-100 elementor-widget elementor-widget-wd_video\" data-id=\"a3b0a95\" data-element_type=\"widget\" data-e-type=\"widget\" data-widget_type=\"wd_video.default\">\n\t\t\t\t<div class=\"elementor-widget-container\">\n\t\t\t\t\t\n\t\t<div class=\"wd-el-video wd-action-without wd-video-youtube wd-with-aspect-ratio\">\n\t\t\t\t\t\t\t<iframe src=\"https:\/\/www.youtube.com\/embed\/XHOmBV4js_E?feature=oembed&loop=0&mute=0&controls=1\" allowfullscreen allow=\"accelerometer; autoplay; encrypted-media; gyroscope; picture-in-picture\" width=\"100%\" height=\"100%\" loading=\"lazy\"><\/iframe>\t\t\t\n\t\t\t\n\t\t\t\n\t\t\t\t\t<\/div>\n\t\t\t\t\t\t<\/div>\n\t\t\t\t<\/div>\n\t\t\t\t<div class=\"elementor-element elementor-element-b8ea1e9 wd-width-100 elementor-widget elementor-widget-wd_title\" data-id=\"b8ea1e9\" data-element_type=\"widget\" data-e-type=\"widget\" data-widget_type=\"wd_title.default\">\n\t\t\t\t<div class=\"elementor-widget-container\">\n\t\t\t\t\t\t\t<div class=\"title-wrapper wd-set-mb reset-last-child wd-title-color-default wd-title-style-default wd-title-size-default text-left\">\n\n\t\t\t\n\t\t\t<div class=\"liner-continer\">\n\t\t\t\t<h4 class=\"woodmart-title-container title wd-fontsize-l\">Granul\u00e9s hypolip\u00e9miants<\/h4> \n\t\t\t\t\t\t\t<\/div>\n\n\t\t\t\t\t\t\t<div class=\"title-after_title reset-last-child wd-fontsize-xs\">\n\t\t\t\t\t<p>Cette prescription est ax\u00e9e sur la purification du foie et la r\u00e9duction des anomalies m\u00e9taboliques lipidiques (trois pics) et de l&#039;ob\u00e9sit\u00e9.<\/p>\t\t\t\t<\/div>\n\t\t\t\t\t<\/div>\n\t\t\t\t\t\t<\/div>\n\t\t\t\t<\/div>\n\t\t\t\t<\/div>\n\t\t\t\t\t<\/div>\n\t\t\t\t<\/div>\n\t\t\t\t<\/div>","protected":false},"excerpt":{"rendered":"<p>EU\/USDA Organic Farm Organic Farm Environment Organic Reishi Farm Lipid-Lowering Granules This prescription is centered around clearing the liver and<\/p>","protected":false},"author":1,"featured_media":0,"parent":0,"menu_order":0,"comment_status":"closed","ping_status":"closed","template":"","meta":{"footnotes":""},"class_list":["post-884","page","type-page","status-publish","hentry"],"_links":{"self":[{"href":"https:\/\/purenourishbio.com\/fr\/wp-json\/wp\/v2\/pages\/884","targetHints":{"allow":["GET"]}}],"collection":[{"href":"https:\/\/purenourishbio.com\/fr\/wp-json\/wp\/v2\/pages"}],"about":[{"href":"https:\/\/purenourishbio.com\/fr\/wp-json\/wp\/v2\/types\/page"}],"author":[{"embeddable":true,"href":"https:\/\/purenourishbio.com\/fr\/wp-json\/wp\/v2\/users\/1"}],"replies":[{"embeddable":true,"href":"https:\/\/purenourishbio.com\/fr\/wp-json\/wp\/v2\/comments?post=884"}],"version-history":[{"count":15,"href":"https:\/\/purenourishbio.com\/fr\/wp-json\/wp\/v2\/pages\/884\/revisions"}],"predecessor-version":[{"id":1709,"href":"https:\/\/purenourishbio.com\/fr\/wp-json\/wp\/v2\/pages\/884\/revisions\/1709"}],"wp:attachment":[{"href":"https:\/\/purenourishbio.com\/fr\/wp-json\/wp\/v2\/media?parent=884"}],"curies":[{"name":"wp","href":"https:\/\/api.w.org\/{rel}","templated":true}]}}