{"id":1211,"date":"2025-07-07T00:59:46","date_gmt":"2025-07-07T00:59:46","guid":{"rendered":"https:\/\/purenourishbio.com\/?post_type=product&#038;p=1211"},"modified":"2025-10-22T03:23:15","modified_gmt":"2025-10-22T03:23:15","slug":"organic-reishi-extract-powder","status":"publish","type":"product","link":"https:\/\/purenourishbio.com\/es\/producto\/organic-reishi-extract-powder\/","title":{"rendered":"Extracto org\u00e1nico de Reishi (Ganoderma lucidum)"},"content":{"rendered":"<p><strong><img fetchpriority=\"high\" decoding=\"async\" class=\"alignleft size-large wp-image-1507\" src=\"https:\/\/purenourishbio.com\/wp-content\/uploads\/2025\/07\/function-reishi-1024x257.png\" alt=\"\" width=\"1024\" height=\"257\" srcset=\"https:\/\/purenourishbio.com\/wp-content\/uploads\/2025\/07\/function-reishi-1024x257.png 1024w, https:\/\/purenourishbio.com\/wp-content\/uploads\/2025\/07\/function-reishi-300x75.png 300w, https:\/\/purenourishbio.com\/wp-content\/uploads\/2025\/07\/function-reishi-768x193.png 768w, https:\/\/purenourishbio.com\/wp-content\/uploads\/2025\/07\/function-reishi-1536x385.png 1536w, https:\/\/purenourishbio.com\/wp-content\/uploads\/2025\/07\/function-reishi-18x5.png 18w, https:\/\/purenourishbio.com\/wp-content\/uploads\/2025\/07\/function-reishi-1200x301.png 1200w, https:\/\/purenourishbio.com\/wp-content\/uploads\/2025\/07\/function-reishi-150x38.png 150w, https:\/\/purenourishbio.com\/wp-content\/uploads\/2025\/07\/function-reishi.png 1674w\" sizes=\"(max-width: 1024px) 100vw, 1024px\" \/><\/strong><\/p>\n<table style=\"height: 609px; width: 60%; border-collapse: collapse; border-color: #080000; border-style: solid;\">\n<caption>\u00a0<\/caption>\n<tbody>\n<tr style=\"height: 24px;\">\n<td style=\"width: 594px; height: 24px;\" colspan=\"3\">Laboratorio de pruebas: Alkemist Lab, Eurofins, etc.<\/td>\n<\/tr>\n<tr style=\"height: 24px;\">\n<td style=\"width: 189.438px; height: 24px;\" colspan=\"3\">Elementos de prueba<\/td>\n<\/tr>\n<tr style=\"height: 24px;\">\n<td style=\"width: 189.438px; height: 24px;\">IDENTIFICACI\u00d3N<\/td>\n<td style=\"width: 203.969px; height: 24px;\">Reishi<\/td>\n<td style=\"width: 194.594px; height: 24px;\">Caracter\u00edstica<\/td>\n<\/tr>\n<tr style=\"height: 10px;\">\n<td style=\"width: 189.438px; height: 81px;\" rowspan=\"4\">Ingredientes funcionales<\/td>\n<td style=\"width: 203.969px; height: 10px;\"><strong>Beta glucano<span style=\"font-size: 10pt; color: #ff0000;\"> (NO cualquier transportista)<\/span><\/strong><\/td>\n<td style=\"width: 194.594px; height: 10px;\">20%\u201340% <span style=\"font-size: 10pt;\">(Kit Megazyme K-YBGL)<\/span><\/td>\n<\/tr>\n<tr style=\"height: 23px;\">\n<td style=\"width: 203.969px; height: 23px;\"><strong>Polisac\u00e1ridos<\/strong><\/td>\n<td style=\"width: 194.594px; height: 23px;\">10%\u201350%<\/td>\n<\/tr>\n<tr style=\"height: 24px;\">\n<td style=\"width: 203.969px; height: 24px;\"><strong>Triterpenos<\/strong><\/td>\n<td style=\"width: 194.594px; height: 24px;\">0.5%-20%<\/td>\n<\/tr>\n<tr style=\"height: 24px;\">\n<td style=\"width: 203.969px; height: 24px;\"><strong>\u00c1cido ganod\u00e9rmico<\/strong><\/td>\n<td style=\"width: 194.594px; height: 24px;\">0,2%\u20137% (HPLC)<\/td>\n<\/tr>\n<tr style=\"height: 24px;\">\n<td style=\"width: 189.438px; height: 96px;\" rowspan=\"4\">Metal pesado<\/td>\n<td style=\"width: 203.969px; height: 24px;\">Plomo (Pb)<\/td>\n<td style=\"width: 194.594px; height: 24px;\">&lt;1,0 mg\/kg<\/td>\n<\/tr>\n<tr style=\"height: 24px;\">\n<td style=\"width: 203.969px; height: 24px;\">Ars\u00e9nico (As)<\/td>\n<td style=\"width: 194.594px; height: 24px;\">&lt;1,0 mg\/kg<\/td>\n<\/tr>\n<tr style=\"height: 24px;\">\n<td style=\"width: 203.969px; height: 24px;\">Cadmio (Cd)<\/td>\n<td style=\"width: 194.594px; height: 24px;\">&lt;1,0 mg\/kg<\/td>\n<\/tr>\n<tr style=\"height: 24px;\">\n<td style=\"width: 203.969px; height: 24px;\">Mercurio (Hg)<\/td>\n<td style=\"width: 194.594px; height: 24px;\">&lt;0,1 mg\/kg<\/td>\n<\/tr>\n<tr style=\"height: 24px;\">\n<td style=\"width: 189.438px; height: 24px;\">Pesticidas<\/td>\n<td style=\"width: 203.969px; height: 24px;\">539 art\u00edculos de pesticidas<\/td>\n<td style=\"width: 194.594px; height: 24px;\">Cumplir con los requisitos de la USP<\/td>\n<\/tr>\n<tr style=\"height: 24px;\">\n<td style=\"width: 189.438px; height: 142px;\" rowspan=\"6\">Microbio<\/td>\n<td style=\"width: 203.969px; height: 24px;\">Recuento total de placas<\/td>\n<td style=\"width: 194.594px; height: 24px;\">&lt;3000 ufc\/g<\/td>\n<\/tr>\n<tr style=\"height: 24px;\">\n<td style=\"width: 203.969px; height: 24px;\">Levadura y moho<\/td>\n<td style=\"width: 194.594px; height: 24px;\">&lt;100 ufc\/g<\/td>\n<\/tr>\n<tr style=\"height: 22px;\">\n<td style=\"width: 203.969px; height: 22px;\">Coliformes<\/td>\n<td style=\"width: 194.594px; height: 22px;\">&lt;10 ufc\/g<\/td>\n<\/tr>\n<tr style=\"height: 24px;\">\n<td style=\"width: 203.969px; height: 24px;\">E. coli.<\/td>\n<td style=\"width: 194.594px; height: 24px;\">Negativo<\/td>\n<\/tr>\n<tr style=\"height: 24px;\">\n<td style=\"width: 203.969px; height: 24px;\">Salmonela<\/td>\n<td style=\"width: 194.594px; height: 24px;\">Negativo<\/td>\n<\/tr>\n<tr style=\"height: 24px;\">\n<td style=\"width: 203.969px; height: 24px;\">Estafilococo \u00e1ureo<\/td>\n<td style=\"width: 194.594px; height: 24px;\">Negativo<\/td>\n<\/tr>\n<\/tbody>\n<\/table>\n<p><span style=\"color: #ff6600;\"><strong>Informe de prueba<\/strong><\/span><\/p>\n<p><img decoding=\"async\" class=\"alignnone wp-image-1504\" src=\"https:\/\/purenourishbio.com\/wp-content\/uploads\/2025\/07\/7c5fb44b96ed3fbeea91e080bd8808ef-1024x544.jpg\" alt=\"\" width=\"699\" height=\"371\" srcset=\"https:\/\/purenourishbio.com\/wp-content\/uploads\/2025\/07\/7c5fb44b96ed3fbeea91e080bd8808ef-1024x544.jpg 1024w, https:\/\/purenourishbio.com\/wp-content\/uploads\/2025\/07\/7c5fb44b96ed3fbeea91e080bd8808ef-300x159.jpg 300w, https:\/\/purenourishbio.com\/wp-content\/uploads\/2025\/07\/7c5fb44b96ed3fbeea91e080bd8808ef-768x408.jpg 768w, https:\/\/purenourishbio.com\/wp-content\/uploads\/2025\/07\/7c5fb44b96ed3fbeea91e080bd8808ef-1536x816.jpg 1536w, https:\/\/purenourishbio.com\/wp-content\/uploads\/2025\/07\/7c5fb44b96ed3fbeea91e080bd8808ef-18x10.jpg 18w, https:\/\/purenourishbio.com\/wp-content\/uploads\/2025\/07\/7c5fb44b96ed3fbeea91e080bd8808ef-1200x638.jpg 1200w, https:\/\/purenourishbio.com\/wp-content\/uploads\/2025\/07\/7c5fb44b96ed3fbeea91e080bd8808ef-150x80.jpg 150w, https:\/\/purenourishbio.com\/wp-content\/uploads\/2025\/07\/7c5fb44b96ed3fbeea91e080bd8808ef.jpg 2010w\" sizes=\"(max-width: 699px) 100vw, 699px\" \/><\/p>\n<p><img decoding=\"async\" class=\"alignnone wp-image-1505\" src=\"https:\/\/purenourishbio.com\/wp-content\/uploads\/2025\/07\/94bcefe06b0920d77e1ae895e097b274-1024x515.jpg\" alt=\"\" width=\"699\" height=\"352\" srcset=\"https:\/\/purenourishbio.com\/wp-content\/uploads\/2025\/07\/94bcefe06b0920d77e1ae895e097b274-1024x515.jpg 1024w, https:\/\/purenourishbio.com\/wp-content\/uploads\/2025\/07\/94bcefe06b0920d77e1ae895e097b274-300x151.jpg 300w, https:\/\/purenourishbio.com\/wp-content\/uploads\/2025\/07\/94bcefe06b0920d77e1ae895e097b274-768x387.jpg 768w, https:\/\/purenourishbio.com\/wp-content\/uploads\/2025\/07\/94bcefe06b0920d77e1ae895e097b274-1536x773.jpg 1536w, https:\/\/purenourishbio.com\/wp-content\/uploads\/2025\/07\/94bcefe06b0920d77e1ae895e097b274-2048x1031.jpg 2048w, https:\/\/purenourishbio.com\/wp-content\/uploads\/2025\/07\/94bcefe06b0920d77e1ae895e097b274-18x9.jpg 18w, https:\/\/purenourishbio.com\/wp-content\/uploads\/2025\/07\/94bcefe06b0920d77e1ae895e097b274-1200x604.jpg 1200w, https:\/\/purenourishbio.com\/wp-content\/uploads\/2025\/07\/94bcefe06b0920d77e1ae895e097b274-150x75.jpg 150w\" sizes=\"(max-width: 699px) 100vw, 699px\" \/><\/p>\n<p><img loading=\"lazy\" decoding=\"async\" class=\"alignnone wp-image-1506\" src=\"https:\/\/purenourishbio.com\/wp-content\/uploads\/2025\/07\/ffce096d36823fc0757dd4400ea97c30-1024x458.jpg\" alt=\"\" width=\"704\" height=\"315\" srcset=\"https:\/\/purenourishbio.com\/wp-content\/uploads\/2025\/07\/ffce096d36823fc0757dd4400ea97c30-1024x458.jpg 1024w, https:\/\/purenourishbio.com\/wp-content\/uploads\/2025\/07\/ffce096d36823fc0757dd4400ea97c30-300x134.jpg 300w, https:\/\/purenourishbio.com\/wp-content\/uploads\/2025\/07\/ffce096d36823fc0757dd4400ea97c30-768x343.jpg 768w, https:\/\/purenourishbio.com\/wp-content\/uploads\/2025\/07\/ffce096d36823fc0757dd4400ea97c30-1536x687.jpg 1536w, https:\/\/purenourishbio.com\/wp-content\/uploads\/2025\/07\/ffce096d36823fc0757dd4400ea97c30-2048x916.jpg 2048w, https:\/\/purenourishbio.com\/wp-content\/uploads\/2025\/07\/ffce096d36823fc0757dd4400ea97c30-18x8.jpg 18w, https:\/\/purenourishbio.com\/wp-content\/uploads\/2025\/07\/ffce096d36823fc0757dd4400ea97c30-1200x537.jpg 1200w, https:\/\/purenourishbio.com\/wp-content\/uploads\/2025\/07\/ffce096d36823fc0757dd4400ea97c30-150x67.jpg 150w\" sizes=\"(max-width: 704px) 100vw, 704px\" \/><\/p>","protected":false},"excerpt":{"rendered":"<p><span style=\"font-size: 14pt;\">El reishi (Ganoderma lucidum) se consideraba la &quot;hierba m\u00e1gica&quot; en la antigua China y se cre\u00eda que prolongaba la vida. Descubrimientos arqueol\u00f3gicos demuestran que nuestros antepasados, en la \u00e9poca prehist\u00f3rica, ya comenzaban a recolectarlo y utilizarlo (aproximadamente entre el 4500 y el 3300 a. C.). Adem\u00e1s, el &quot;Cl\u00e1sico Herbal de Shennong&quot; clasifica al Ganoderma lucidum como un medicamento de primera calidad, considerando que no es t\u00f3xico y que tiene la funci\u00f3n de prolongar la vida.<\/span><\/p>\n<p><img loading=\"lazy\" decoding=\"async\" class=\"alignleft wp-image-1503\" src=\"https:\/\/purenourishbio.com\/wp-content\/uploads\/2025\/07\/\u8be6\u60c5\u9875-1024x108-1.webp\" alt=\"\" width=\"638\" height=\"67\" srcset=\"https:\/\/purenourishbio.com\/wp-content\/uploads\/2025\/07\/\u8be6\u60c5\u9875-1024x108-1.webp 1024w, https:\/\/purenourishbio.com\/wp-content\/uploads\/2025\/07\/\u8be6\u60c5\u9875-1024x108-1-300x32.webp 300w, https:\/\/purenourishbio.com\/wp-content\/uploads\/2025\/07\/\u8be6\u60c5\u9875-1024x108-1-768x81.webp 768w, https:\/\/purenourishbio.com\/wp-content\/uploads\/2025\/07\/\u8be6\u60c5\u9875-1024x108-1-18x2.webp 18w, https:\/\/purenourishbio.com\/wp-content\/uploads\/2025\/07\/\u8be6\u60c5\u9875-1024x108-1-150x16.webp 150w\" sizes=\"(max-width: 638px) 100vw, 638px\" \/><\/p>","protected":false},"featured_media":1417,"comment_status":"open","ping_status":"closed","template":"","meta":[],"product_brand":[],"product_cat":[15],"product_tag":[],"class_list":{"0":"post-1211","1":"product","2":"type-product","3":"status-publish","4":"has-post-thumbnail","6":"product_cat-mushroom-extracts","8":"first","9":"instock","10":"featured","11":"shipping-taxable","12":"product-type-simple"},"_links":{"self":[{"href":"https:\/\/purenourishbio.com\/es\/wp-json\/wp\/v2\/product\/1211","targetHints":{"allow":["GET"]}}],"collection":[{"href":"https:\/\/purenourishbio.com\/es\/wp-json\/wp\/v2\/product"}],"about":[{"href":"https:\/\/purenourishbio.com\/es\/wp-json\/wp\/v2\/types\/product"}],"replies":[{"embeddable":true,"href":"https:\/\/purenourishbio.com\/es\/wp-json\/wp\/v2\/comments?post=1211"}],"wp:featuredmedia":[{"embeddable":true,"href":"https:\/\/purenourishbio.com\/es\/wp-json\/wp\/v2\/media\/1417"}],"wp:attachment":[{"href":"https:\/\/purenourishbio.com\/es\/wp-json\/wp\/v2\/media?parent=1211"}],"wp:term":[{"taxonomy":"product_brand","embeddable":true,"href":"https:\/\/purenourishbio.com\/es\/wp-json\/wp\/v2\/product_brand?post=1211"},{"taxonomy":"product_cat","embeddable":true,"href":"https:\/\/purenourishbio.com\/es\/wp-json\/wp\/v2\/product_cat?post=1211"},{"taxonomy":"product_tag","embeddable":true,"href":"https:\/\/purenourishbio.com\/es\/wp-json\/wp\/v2\/product_tag?post=1211"}],"curies":[{"name":"wp","href":"https:\/\/api.w.org\/{rel}","templated":true}]}}