{"id":1203,"date":"2025-07-07T00:56:12","date_gmt":"2025-07-07T00:56:12","guid":{"rendered":"https:\/\/purenourishbio.com\/?post_type=product&#038;p=1203"},"modified":"2025-09-08T07:05:40","modified_gmt":"2025-09-08T07:05:40","slug":"organic-maitake-extract","status":"publish","type":"product","link":"https:\/\/purenourishbio.com\/es\/producto\/organic-maitake-extract\/","title":{"rendered":"Extracto org\u00e1nico de Maitake"},"content":{"rendered":"<p><img fetchpriority=\"high\" decoding=\"async\" class=\"alignleft wp-image-1532\" src=\"https:\/\/purenourishbio.com\/wp-content\/uploads\/2025\/07\/function-maitake-1024x108.png\" alt=\"\" width=\"1024\" height=\"108\" srcset=\"https:\/\/purenourishbio.com\/wp-content\/uploads\/2025\/07\/function-maitake-1024x108.png 1024w, https:\/\/purenourishbio.com\/wp-content\/uploads\/2025\/07\/function-maitake-300x32.png 300w, https:\/\/purenourishbio.com\/wp-content\/uploads\/2025\/07\/function-maitake-768x81.png 768w, https:\/\/purenourishbio.com\/wp-content\/uploads\/2025\/07\/function-maitake-18x2.png 18w, https:\/\/purenourishbio.com\/wp-content\/uploads\/2025\/07\/function-maitake-150x16.png 150w, https:\/\/purenourishbio.com\/wp-content\/uploads\/2025\/07\/function-maitake.png 1172w\" sizes=\"(max-width: 1024px) 100vw, 1024px\" \/><\/p>\n<ol>\n<li><span style=\"font-size: 14pt;\">Mejora la inmunidad: Los polisac\u00e1ridos de maitake pueden activar las c\u00e9lulas inmunes y mejorar la capacidad inmunol\u00f3gica del cuerpo.<\/span><\/li>\n<li><span style=\"font-size: 14pt;\">Regular el az\u00facar en sangre: Los polisac\u00e1ridos y prote\u00ednas del maitake ayudan a regular los niveles de az\u00facar en sangre.<\/span><\/li>\n<li><span style=\"font-size: 14pt;\">Reduce los l\u00edpidos en sangre: Los nutrientes del Maitake ayudan a reducir el colesterol y los triglic\u00e9ridos en la sangre, lo que es beneficioso para la salud cardiovascular.<\/span><\/li>\n<\/ol>\n<table style=\"height: 391px; width: 67.3735%; border-collapse: collapse; border-color: #080000; border-style: solid;\">\n<caption>\u00a0<\/caption>\n<tbody>\n<tr style=\"height: 24px;\">\n<td style=\"width: 99.5182%; height: 24px;\" colspan=\"3\">Laboratorio de pruebas: Alkemist Lab, Eurofins, etc.<\/td>\n<\/tr>\n<tr style=\"height: 24px;\">\n<td style=\"width: 99.5182%; height: 24px;\" colspan=\"3\">Elementos de prueba<\/td>\n<\/tr>\n<tr style=\"height: 24px;\">\n<td style=\"width: 28.9157%; height: 24px;\">IDENTIFICACI\u00d3N<\/td>\n<td style=\"width: 38.3133%; height: 24px;\">Maitake<\/td>\n<td style=\"width: 32.2892%; height: 24px;\">Caracter\u00edstica<\/td>\n<\/tr>\n<tr style=\"height: 10px;\">\n<td style=\"height: 57px; width: 28.9157%;\" rowspan=\"2\">Ingredientes funcionales<\/td>\n<td style=\"width: 38.3133%; height: 10px;\"><strong>Beta glucano<span style=\"font-size: 10pt; color: #ff0000;\"> (NO cualquier transportista)<\/span><\/strong><\/td>\n<td style=\"width: 32.2892%; height: 10px;\">20%\u201340% <span style=\"font-size: 10pt;\">(Kit Megazyme K-YBGL)<\/span><\/td>\n<\/tr>\n<tr style=\"height: 23px;\">\n<td style=\"width: 38.3133%; height: 23px;\"><strong>Polisac\u00e1ridos<\/strong><\/td>\n<td style=\"width: 32.2892%; height: 23px;\">10%\u201350%<\/td>\n<\/tr>\n<tr style=\"height: 24px;\">\n<td style=\"width: 28.9157%; height: 96px;\" rowspan=\"4\">Metal pesado<\/td>\n<td style=\"width: 38.3133%; height: 24px;\">Plomo (Pb)<\/td>\n<td style=\"width: 32.2892%; height: 24px;\">&lt;1,0 mg\/kg<\/td>\n<\/tr>\n<tr style=\"height: 24px;\">\n<td style=\"width: 38.3133%; height: 24px;\">Ars\u00e9nico (As)<\/td>\n<td style=\"width: 32.2892%; height: 24px;\">&lt;1,0 mg\/kg<\/td>\n<\/tr>\n<tr style=\"height: 24px;\">\n<td style=\"width: 38.3133%; height: 24px;\">Cadmio (Cd)<\/td>\n<td style=\"width: 32.2892%; height: 24px;\">&lt;1,0 mg\/kg<\/td>\n<\/tr>\n<tr style=\"height: 24px;\">\n<td style=\"width: 38.3133%; height: 24px;\">Mercurio (Hg)<\/td>\n<td style=\"width: 32.2892%; height: 24px;\">&lt;0,1 mg\/kg<\/td>\n<\/tr>\n<tr style=\"height: 24px;\">\n<td style=\"width: 28.9157%; height: 24px;\">Pesticidas<\/td>\n<td style=\"width: 38.3133%; height: 24px;\">539 art\u00edculos de pesticidas<\/td>\n<td style=\"width: 32.2892%; height: 24px;\">Cumplir con los requisitos de la USP<\/td>\n<\/tr>\n<tr style=\"height: 24px;\">\n<td style=\"width: 28.9157%; height: 142px;\" rowspan=\"6\">Microbio<\/td>\n<td style=\"width: 38.3133%; height: 24px;\">Recuento total de placas<\/td>\n<td style=\"width: 32.2892%; height: 24px;\">&lt;3000 ufc\/g<\/td>\n<\/tr>\n<tr style=\"height: 24px;\">\n<td style=\"width: 38.3133%; height: 24px;\">Levadura y moho<\/td>\n<td style=\"width: 32.2892%; height: 24px;\">&lt;100 ufc\/g<\/td>\n<\/tr>\n<tr style=\"height: 22px;\">\n<td style=\"width: 38.3133%; height: 22px;\">Coliformes<\/td>\n<td style=\"width: 32.2892%; height: 22px;\">&lt;10 ufc\/g<\/td>\n<\/tr>\n<tr style=\"height: 24px;\">\n<td style=\"width: 38.3133%; height: 24px;\">E. coli.<\/td>\n<td style=\"width: 32.2892%; height: 24px;\">Negativo<\/td>\n<\/tr>\n<tr style=\"height: 24px;\">\n<td style=\"width: 38.3133%; height: 24px;\">Salmonela<\/td>\n<td style=\"width: 32.2892%; height: 24px;\">Negativo<\/td>\n<\/tr>\n<tr style=\"height: 24px;\">\n<td style=\"width: 38.3133%; height: 24px;\">Estafilococo \u00e1ureo<\/td>\n<td style=\"width: 32.2892%; height: 24px;\">Negativo<\/td>\n<\/tr>\n<\/tbody>\n<\/table>\n<p><span style=\"color: #ff6600;\"><strong>Informe de prueba<\/strong><\/span><\/p>\n<p><img decoding=\"async\" class=\"wp-image-1534\" src=\"https:\/\/purenourishbio.com\/wp-content\/uploads\/2025\/07\/3567d592795b7be4e8fd9a403878fcea-1024x538.jpg\" alt=\"\" width=\"647\" height=\"340\" srcset=\"https:\/\/purenourishbio.com\/wp-content\/uploads\/2025\/07\/3567d592795b7be4e8fd9a403878fcea-1024x538.jpg 1024w, https:\/\/purenourishbio.com\/wp-content\/uploads\/2025\/07\/3567d592795b7be4e8fd9a403878fcea-300x158.jpg 300w, https:\/\/purenourishbio.com\/wp-content\/uploads\/2025\/07\/3567d592795b7be4e8fd9a403878fcea-768x403.jpg 768w, https:\/\/purenourishbio.com\/wp-content\/uploads\/2025\/07\/3567d592795b7be4e8fd9a403878fcea-1536x807.jpg 1536w, https:\/\/purenourishbio.com\/wp-content\/uploads\/2025\/07\/3567d592795b7be4e8fd9a403878fcea-2048x1075.jpg 2048w, https:\/\/purenourishbio.com\/wp-content\/uploads\/2025\/07\/3567d592795b7be4e8fd9a403878fcea-18x9.jpg 18w, https:\/\/purenourishbio.com\/wp-content\/uploads\/2025\/07\/3567d592795b7be4e8fd9a403878fcea-1200x630.jpg 1200w, https:\/\/purenourishbio.com\/wp-content\/uploads\/2025\/07\/3567d592795b7be4e8fd9a403878fcea-150x79.jpg 150w\" sizes=\"(max-width: 647px) 100vw, 647px\" \/><\/p>\n<p><img decoding=\"async\" class=\"wp-image-1535\" src=\"https:\/\/purenourishbio.com\/wp-content\/uploads\/2025\/07\/80057e7c1e962c69516c6577db2ffa91-1024x465.jpg\" alt=\"\" width=\"644\" height=\"292\" srcset=\"https:\/\/purenourishbio.com\/wp-content\/uploads\/2025\/07\/80057e7c1e962c69516c6577db2ffa91-1024x465.jpg 1024w, https:\/\/purenourishbio.com\/wp-content\/uploads\/2025\/07\/80057e7c1e962c69516c6577db2ffa91-300x136.jpg 300w, https:\/\/purenourishbio.com\/wp-content\/uploads\/2025\/07\/80057e7c1e962c69516c6577db2ffa91-768x349.jpg 768w, https:\/\/purenourishbio.com\/wp-content\/uploads\/2025\/07\/80057e7c1e962c69516c6577db2ffa91-1536x697.jpg 1536w, https:\/\/purenourishbio.com\/wp-content\/uploads\/2025\/07\/80057e7c1e962c69516c6577db2ffa91-2048x930.jpg 2048w, https:\/\/purenourishbio.com\/wp-content\/uploads\/2025\/07\/80057e7c1e962c69516c6577db2ffa91-18x8.jpg 18w, https:\/\/purenourishbio.com\/wp-content\/uploads\/2025\/07\/80057e7c1e962c69516c6577db2ffa91-1200x545.jpg 1200w, https:\/\/purenourishbio.com\/wp-content\/uploads\/2025\/07\/80057e7c1e962c69516c6577db2ffa91-150x68.jpg 150w\" sizes=\"(max-width: 644px) 100vw, 644px\" \/><\/p>\n<p><img loading=\"lazy\" decoding=\"async\" class=\"wp-image-1536\" src=\"https:\/\/purenourishbio.com\/wp-content\/uploads\/2025\/07\/daa96df25c9df09cf5405c18f7c9af50-1024x532.jpg\" alt=\"\" width=\"648\" height=\"337\" srcset=\"https:\/\/purenourishbio.com\/wp-content\/uploads\/2025\/07\/daa96df25c9df09cf5405c18f7c9af50-1024x532.jpg 1024w, https:\/\/purenourishbio.com\/wp-content\/uploads\/2025\/07\/daa96df25c9df09cf5405c18f7c9af50-300x156.jpg 300w, https:\/\/purenourishbio.com\/wp-content\/uploads\/2025\/07\/daa96df25c9df09cf5405c18f7c9af50-768x399.jpg 768w, https:\/\/purenourishbio.com\/wp-content\/uploads\/2025\/07\/daa96df25c9df09cf5405c18f7c9af50-1536x798.jpg 1536w, https:\/\/purenourishbio.com\/wp-content\/uploads\/2025\/07\/daa96df25c9df09cf5405c18f7c9af50-2048x1064.jpg 2048w, https:\/\/purenourishbio.com\/wp-content\/uploads\/2025\/07\/daa96df25c9df09cf5405c18f7c9af50-18x9.jpg 18w, https:\/\/purenourishbio.com\/wp-content\/uploads\/2025\/07\/daa96df25c9df09cf5405c18f7c9af50-1200x624.jpg 1200w, https:\/\/purenourishbio.com\/wp-content\/uploads\/2025\/07\/daa96df25c9df09cf5405c18f7c9af50-150x78.jpg 150w\" sizes=\"(max-width: 648px) 100vw, 648px\" \/><\/p>","protected":false},"excerpt":{"rendered":"<p><span style=\"font-size: 14pt;\">Maitake (Grifola frondosa), que es comestible y tambi\u00e9n se utiliza con fines sanitarios. <\/span><span style=\"font-size: 14pt;\">Maitake es rico en amino\u00e1cidos esenciales, vitaminas y minerales. Es un alimento avanzado para el cuidado de la salud, popular en Estados Unidos, Jap\u00f3n y otros pa\u00edses.\u00a0<\/span><span style=\"font-size: 14pt;\">Los componentes principales son polisac\u00e1ridos, beta glucano.<\/span><\/p>\n<p><img loading=\"lazy\" decoding=\"async\" class=\"alignleft size-full wp-image-1503\" src=\"https:\/\/purenourishbio.com\/wp-content\/uploads\/2025\/07\/\u8be6\u60c5\u9875-1024x108-1.webp\" alt=\"\" width=\"1024\" height=\"108\" srcset=\"https:\/\/purenourishbio.com\/wp-content\/uploads\/2025\/07\/\u8be6\u60c5\u9875-1024x108-1.webp 1024w, https:\/\/purenourishbio.com\/wp-content\/uploads\/2025\/07\/\u8be6\u60c5\u9875-1024x108-1-300x32.webp 300w, https:\/\/purenourishbio.com\/wp-content\/uploads\/2025\/07\/\u8be6\u60c5\u9875-1024x108-1-768x81.webp 768w, https:\/\/purenourishbio.com\/wp-content\/uploads\/2025\/07\/\u8be6\u60c5\u9875-1024x108-1-18x2.webp 18w, https:\/\/purenourishbio.com\/wp-content\/uploads\/2025\/07\/\u8be6\u60c5\u9875-1024x108-1-150x16.webp 150w\" sizes=\"(max-width: 1024px) 100vw, 1024px\" \/><\/p>","protected":false},"featured_media":1421,"comment_status":"open","ping_status":"closed","template":"","meta":[],"product_brand":[],"product_cat":[15],"product_tag":[],"class_list":{"0":"post-1203","1":"product","2":"type-product","3":"status-publish","4":"has-post-thumbnail","6":"product_cat-mushroom-extracts","8":"first","9":"instock","10":"featured","11":"shipping-taxable","12":"product-type-simple"},"_links":{"self":[{"href":"https:\/\/purenourishbio.com\/es\/wp-json\/wp\/v2\/product\/1203","targetHints":{"allow":["GET"]}}],"collection":[{"href":"https:\/\/purenourishbio.com\/es\/wp-json\/wp\/v2\/product"}],"about":[{"href":"https:\/\/purenourishbio.com\/es\/wp-json\/wp\/v2\/types\/product"}],"replies":[{"embeddable":true,"href":"https:\/\/purenourishbio.com\/es\/wp-json\/wp\/v2\/comments?post=1203"}],"wp:featuredmedia":[{"embeddable":true,"href":"https:\/\/purenourishbio.com\/es\/wp-json\/wp\/v2\/media\/1421"}],"wp:attachment":[{"href":"https:\/\/purenourishbio.com\/es\/wp-json\/wp\/v2\/media?parent=1203"}],"wp:term":[{"taxonomy":"product_brand","embeddable":true,"href":"https:\/\/purenourishbio.com\/es\/wp-json\/wp\/v2\/product_brand?post=1203"},{"taxonomy":"product_cat","embeddable":true,"href":"https:\/\/purenourishbio.com\/es\/wp-json\/wp\/v2\/product_cat?post=1203"},{"taxonomy":"product_tag","embeddable":true,"href":"https:\/\/purenourishbio.com\/es\/wp-json\/wp\/v2\/product_tag?post=1203"}],"curies":[{"name":"wp","href":"https:\/\/api.w.org\/{rel}","templated":true}]}}