{"id":1176,"date":"2025-07-04T08:33:13","date_gmt":"2025-07-04T08:33:13","guid":{"rendered":"https:\/\/purenourishbio.com\/?post_type=product&#038;p=1176"},"modified":"2025-09-05T03:46:27","modified_gmt":"2025-09-05T03:46:27","slug":"organic-cordyceps-militaris-powder","status":"publish","type":"product","link":"https:\/\/purenourishbio.com\/es\/producto\/organic-cordyceps-militaris-powder\/","title":{"rendered":"Extracto org\u00e1nico de Cordyceps militaris"},"content":{"rendered":"<p><strong><span style=\"font-size: 14pt;\"><img fetchpriority=\"high\" decoding=\"async\" class=\"size-large wp-image-1518 alignnone\" src=\"https:\/\/purenourishbio.com\/wp-content\/uploads\/2025\/07\/ad645366931a8f7b961aa48151d3b280-1024x185.png\" alt=\"\" width=\"1024\" height=\"185\" srcset=\"https:\/\/purenourishbio.com\/wp-content\/uploads\/2025\/07\/ad645366931a8f7b961aa48151d3b280-1024x185.png 1024w, https:\/\/purenourishbio.com\/wp-content\/uploads\/2025\/07\/ad645366931a8f7b961aa48151d3b280-300x54.png 300w, https:\/\/purenourishbio.com\/wp-content\/uploads\/2025\/07\/ad645366931a8f7b961aa48151d3b280-768x139.png 768w, https:\/\/purenourishbio.com\/wp-content\/uploads\/2025\/07\/ad645366931a8f7b961aa48151d3b280-18x3.png 18w, https:\/\/purenourishbio.com\/wp-content\/uploads\/2025\/07\/ad645366931a8f7b961aa48151d3b280-150x27.png 150w, https:\/\/purenourishbio.com\/wp-content\/uploads\/2025\/07\/ad645366931a8f7b961aa48151d3b280.png 1196w\" sizes=\"(max-width: 1024px) 100vw, 1024px\" \/><br \/>\n<\/span><\/strong><\/p>\n<p>&nbsp;<\/p>\n<ol>\n<li><span style=\"font-size: 14pt;\">Cordycepin: antiviral, antibacteriano, inhibe significativamente el crecimiento tumoral, anticancer\u00edgeno.<\/span><\/li>\n<li><span style=\"font-size: 14pt;\">\u00a0\u00c1cido cordyceps: prevenci\u00f3n y tratamiento de trombosis, accidentes cerebrovasculares, insuficiencia renal, diur\u00e9tico.<\/span><\/li>\n<li><span style=\"font-size: 14pt;\">Adenosina: antiviral, antibacteriano, prevenci\u00f3n y tratamiento de trombosis, accidente cerebrovascular, inhibici\u00f3n de la acumulaci\u00f3n de plaquetas, previene la trombosis.<\/span><\/li>\n<li><span style=\"font-size: 14pt;\">Polisac\u00e1rido: mejora la inmunidad, antienvejecimiento, endereza, protege el coraz\u00f3n, el h\u00edgado, antiespasmo, mejora la inmunidad humana.<\/span><\/li>\n<\/ol>\n<table style=\"height: 735px; width: 67.3735%; border-collapse: collapse; border-color: #080000; border-style: solid;\">\n<caption>\u00a0<\/caption>\n<tbody>\n<tr style=\"height: 24px;\">\n<td style=\"width: 99.5182%; height: 24px;\" colspan=\"3\">Laboratorio de pruebas: Alkemist Lab, Eurofins, etc.<\/td>\n<\/tr>\n<tr style=\"height: 24px;\">\n<td style=\"width: 99.5182%; height: 24px;\" colspan=\"3\">Elementos de prueba<\/td>\n<\/tr>\n<tr style=\"height: 24px;\">\n<td style=\"width: 28.9157%; height: 24px;\">IDENTIFICACI\u00d3N<\/td>\n<td style=\"width: 38.3133%; height: 24px;\">Cordyceps Militaris<\/td>\n<td style=\"width: 32.2892%; height: 24px;\">Caracter\u00edstica<\/td>\n<\/tr>\n<tr style=\"height: 10px;\">\n<td style=\"width: 28.9157%; height: 81px;\" rowspan=\"4\">Ingredientes funcionales<\/td>\n<td style=\"width: 38.3133%; height: 10px;\"><strong>Beta glucano<span style=\"font-size: 10pt; color: #ff0000;\"> (NO cualquier transportista)<\/span><\/strong><\/td>\n<td style=\"width: 32.2892%; height: 10px;\">20%\u201340% <span style=\"font-size: 10pt;\">(Kit Megazyme K-YBGL)<\/span><\/td>\n<\/tr>\n<tr style=\"height: 23px;\">\n<td style=\"width: 38.3133%; height: 23px;\"><strong>Polisac\u00e1ridos<\/strong><\/td>\n<td style=\"width: 32.2892%; height: 23px;\">10%\u201350%<\/td>\n<\/tr>\n<tr style=\"height: 24px;\">\n<td style=\"width: 38.3133%; height: 24px;\"><strong>Adenosina<\/strong><\/td>\n<td style=\"width: 32.2892%; height: 24px;\">0.1%-1%<\/td>\n<\/tr>\n<tr style=\"height: 24px;\">\n<td style=\"width: 38.3133%; height: 24px;\"><strong>Cordicepina<\/strong><\/td>\n<td style=\"width: 32.2892%; height: 24px;\">0,1%\u20135%<\/td>\n<\/tr>\n<tr style=\"height: 24px;\">\n<td style=\"width: 28.9157%; height: 96px;\" rowspan=\"4\">Metal pesado<\/td>\n<td style=\"width: 38.3133%; height: 24px;\">Plomo (Pb)<\/td>\n<td style=\"width: 32.2892%; height: 24px;\">&lt;1,0 mg\/kg<\/td>\n<\/tr>\n<tr style=\"height: 24px;\">\n<td style=\"width: 38.3133%; height: 24px;\">Ars\u00e9nico (As)<\/td>\n<td style=\"width: 32.2892%; height: 24px;\">&lt;1,0 mg\/kg<\/td>\n<\/tr>\n<tr style=\"height: 24px;\">\n<td style=\"width: 38.3133%; height: 24px;\">Cadmio (Cd)<\/td>\n<td style=\"width: 32.2892%; height: 24px;\">&lt;1,0 mg\/kg<\/td>\n<\/tr>\n<tr style=\"height: 24px;\">\n<td style=\"width: 38.3133%; height: 24px;\">Mercurio (Hg)<\/td>\n<td style=\"width: 32.2892%; height: 24px;\">&lt;0,1 mg\/kg<\/td>\n<\/tr>\n<tr style=\"height: 24px;\">\n<td style=\"width: 28.9157%; height: 24px;\">Pesticidas<\/td>\n<td style=\"width: 38.3133%; height: 24px;\">539 art\u00edculos de pesticidas<\/td>\n<td style=\"width: 32.2892%; height: 24px;\">Cumplir con los requisitos de la USP<\/td>\n<\/tr>\n<tr style=\"height: 24px;\">\n<td style=\"width: 28.9157%; height: 142px;\" rowspan=\"6\">Microbio<\/td>\n<td style=\"width: 38.3133%; height: 24px;\">Recuento total de placas<\/td>\n<td style=\"width: 32.2892%; height: 24px;\">&lt;3000 ufc\/g<\/td>\n<\/tr>\n<tr style=\"height: 24px;\">\n<td style=\"width: 38.3133%; height: 24px;\">Levadura y moho<\/td>\n<td style=\"width: 32.2892%; height: 24px;\">&lt;100 ufc\/g<\/td>\n<\/tr>\n<tr style=\"height: 22px;\">\n<td style=\"width: 38.3133%; height: 22px;\">Coliformes<\/td>\n<td style=\"width: 32.2892%; height: 22px;\">&lt;10 ufc\/g<\/td>\n<\/tr>\n<tr style=\"height: 24px;\">\n<td style=\"width: 38.3133%; height: 24px;\">E. coli.<\/td>\n<td style=\"width: 32.2892%; height: 24px;\">Negativo<\/td>\n<\/tr>\n<tr style=\"height: 24px;\">\n<td style=\"width: 38.3133%; height: 24px;\">Salmonela<\/td>\n<td style=\"width: 32.2892%; height: 24px;\">Negativo<\/td>\n<\/tr>\n<tr style=\"height: 24px;\">\n<td style=\"width: 38.3133%; height: 24px;\">Estafilococo \u00e1ureo<\/td>\n<td style=\"width: 32.2892%; height: 24px;\">Negativo<\/td>\n<\/tr>\n<\/tbody>\n<\/table>\n<p><span style=\"color: #ff6600;\"><strong>Informe de prueba<\/strong><\/span><\/p>\n<p><img decoding=\"async\" class=\"wp-image-1519\" src=\"https:\/\/purenourishbio.com\/wp-content\/uploads\/2025\/07\/a06ddc22b03e95650f6294cf952cc00e-1024x556.jpg\" alt=\"\" width=\"649\" height=\"352\" srcset=\"https:\/\/purenourishbio.com\/wp-content\/uploads\/2025\/07\/a06ddc22b03e95650f6294cf952cc00e-1024x556.jpg 1024w, https:\/\/purenourishbio.com\/wp-content\/uploads\/2025\/07\/a06ddc22b03e95650f6294cf952cc00e-300x163.jpg 300w, https:\/\/purenourishbio.com\/wp-content\/uploads\/2025\/07\/a06ddc22b03e95650f6294cf952cc00e-768x417.jpg 768w, https:\/\/purenourishbio.com\/wp-content\/uploads\/2025\/07\/a06ddc22b03e95650f6294cf952cc00e-1536x834.jpg 1536w, https:\/\/purenourishbio.com\/wp-content\/uploads\/2025\/07\/a06ddc22b03e95650f6294cf952cc00e-18x10.jpg 18w, https:\/\/purenourishbio.com\/wp-content\/uploads\/2025\/07\/a06ddc22b03e95650f6294cf952cc00e-1200x652.jpg 1200w, https:\/\/purenourishbio.com\/wp-content\/uploads\/2025\/07\/a06ddc22b03e95650f6294cf952cc00e-150x81.jpg 150w, https:\/\/purenourishbio.com\/wp-content\/uploads\/2025\/07\/a06ddc22b03e95650f6294cf952cc00e.jpg 1978w\" sizes=\"(max-width: 649px) 100vw, 649px\" \/><\/p>\n<p><img decoding=\"async\" class=\"wp-image-1520\" src=\"https:\/\/purenourishbio.com\/wp-content\/uploads\/2025\/07\/a8f28903ddbeb28afb97a6ebf7118f79-1024x442.jpg\" alt=\"\" width=\"647\" height=\"279\" srcset=\"https:\/\/purenourishbio.com\/wp-content\/uploads\/2025\/07\/a8f28903ddbeb28afb97a6ebf7118f79-1024x442.jpg 1024w, https:\/\/purenourishbio.com\/wp-content\/uploads\/2025\/07\/a8f28903ddbeb28afb97a6ebf7118f79-300x129.jpg 300w, https:\/\/purenourishbio.com\/wp-content\/uploads\/2025\/07\/a8f28903ddbeb28afb97a6ebf7118f79-768x331.jpg 768w, https:\/\/purenourishbio.com\/wp-content\/uploads\/2025\/07\/a8f28903ddbeb28afb97a6ebf7118f79-1536x663.jpg 1536w, https:\/\/purenourishbio.com\/wp-content\/uploads\/2025\/07\/a8f28903ddbeb28afb97a6ebf7118f79-2048x884.jpg 2048w, https:\/\/purenourishbio.com\/wp-content\/uploads\/2025\/07\/a8f28903ddbeb28afb97a6ebf7118f79-18x8.jpg 18w, https:\/\/purenourishbio.com\/wp-content\/uploads\/2025\/07\/a8f28903ddbeb28afb97a6ebf7118f79-1200x518.jpg 1200w, https:\/\/purenourishbio.com\/wp-content\/uploads\/2025\/07\/a8f28903ddbeb28afb97a6ebf7118f79-150x65.jpg 150w\" sizes=\"(max-width: 647px) 100vw, 647px\" \/><\/p>","protected":false},"excerpt":{"rendered":"<p><span style=\"font-size: 14pt;\">El Cordyceps militaris, tambi\u00e9n conocido como hongo oruga del norte de China, es una bacteria insecticida de hongos medicinales, un componente de la medicina herbal china poco com\u00fan. Pertenece al filo Fungi, hongo oruga chino. No solo contiene prote\u00ednas y 18 tipos de amino\u00e1cidos, sino que tambi\u00e9n contiene 30 tipos de oligoelementos esenciales para el cuerpo humano, lo que lo convierte en un excelente t\u00f3nico.<\/span><\/p>\n<p><img loading=\"lazy\" decoding=\"async\" class=\"alignleft size-large wp-image-1376\" src=\"https:\/\/purenourishbio.com\/wp-content\/uploads\/2025\/07\/\u8be6\u60c5\u9875-1024x108.jpg\" alt=\"\" width=\"1024\" height=\"108\" srcset=\"https:\/\/purenourishbio.com\/wp-content\/uploads\/2025\/07\/\u8be6\u60c5\u9875-1024x108.jpg 1024w, https:\/\/purenourishbio.com\/wp-content\/uploads\/2025\/07\/\u8be6\u60c5\u9875-300x32.jpg 300w, https:\/\/purenourishbio.com\/wp-content\/uploads\/2025\/07\/\u8be6\u60c5\u9875-768x81.jpg 768w, https:\/\/purenourishbio.com\/wp-content\/uploads\/2025\/07\/\u8be6\u60c5\u9875-1536x162.jpg 1536w, https:\/\/purenourishbio.com\/wp-content\/uploads\/2025\/07\/\u8be6\u60c5\u9875-2048x216.jpg 2048w, https:\/\/purenourishbio.com\/wp-content\/uploads\/2025\/07\/\u8be6\u60c5\u9875-18x2.jpg 18w, https:\/\/purenourishbio.com\/wp-content\/uploads\/2025\/07\/\u8be6\u60c5\u9875-1200x127.jpg 1200w, https:\/\/purenourishbio.com\/wp-content\/uploads\/2025\/07\/\u8be6\u60c5\u9875-150x16.jpg 150w\" sizes=\"(max-width: 1024px) 100vw, 1024px\" \/><\/p>","protected":false},"featured_media":1423,"comment_status":"open","ping_status":"closed","template":"","meta":[],"product_brand":[],"product_cat":[15],"product_tag":[],"class_list":{"0":"post-1176","1":"product","2":"type-product","3":"status-publish","4":"has-post-thumbnail","6":"product_cat-mushroom-extracts","8":"first","9":"instock","10":"featured","11":"shipping-taxable","12":"product-type-simple"},"_links":{"self":[{"href":"https:\/\/purenourishbio.com\/es\/wp-json\/wp\/v2\/product\/1176","targetHints":{"allow":["GET"]}}],"collection":[{"href":"https:\/\/purenourishbio.com\/es\/wp-json\/wp\/v2\/product"}],"about":[{"href":"https:\/\/purenourishbio.com\/es\/wp-json\/wp\/v2\/types\/product"}],"replies":[{"embeddable":true,"href":"https:\/\/purenourishbio.com\/es\/wp-json\/wp\/v2\/comments?post=1176"}],"wp:featuredmedia":[{"embeddable":true,"href":"https:\/\/purenourishbio.com\/es\/wp-json\/wp\/v2\/media\/1423"}],"wp:attachment":[{"href":"https:\/\/purenourishbio.com\/es\/wp-json\/wp\/v2\/media?parent=1176"}],"wp:term":[{"taxonomy":"product_brand","embeddable":true,"href":"https:\/\/purenourishbio.com\/es\/wp-json\/wp\/v2\/product_brand?post=1176"},{"taxonomy":"product_cat","embeddable":true,"href":"https:\/\/purenourishbio.com\/es\/wp-json\/wp\/v2\/product_cat?post=1176"},{"taxonomy":"product_tag","embeddable":true,"href":"https:\/\/purenourishbio.com\/es\/wp-json\/wp\/v2\/product_tag?post=1176"}],"curies":[{"name":"wp","href":"https:\/\/api.w.org\/{rel}","templated":true}]}}