{"id":1172,"date":"2025-07-03T08:31:14","date_gmt":"2025-07-03T08:31:14","guid":{"rendered":"https:\/\/purenourishbio.com\/?post_type=product&#038;p=1172"},"modified":"2025-10-22T03:24:58","modified_gmt":"2025-10-22T03:24:58","slug":"organic-agaricus-blazei-extract","status":"publish","type":"product","link":"https:\/\/purenourishbio.com\/es\/producto\/organic-agaricus-blazei-extract\/","title":{"rendered":"Extracto org\u00e1nico de Agaricus Blazei"},"content":{"rendered":"<p><img fetchpriority=\"high\" decoding=\"async\" class=\"alignleft size-large wp-image-1545\" src=\"https:\/\/purenourishbio.com\/wp-content\/uploads\/2025\/07\/function-ag-1024x152.png\" alt=\"\" width=\"1024\" height=\"152\" srcset=\"https:\/\/purenourishbio.com\/wp-content\/uploads\/2025\/07\/function-ag-1024x152.png 1024w, https:\/\/purenourishbio.com\/wp-content\/uploads\/2025\/07\/function-ag-300x45.png 300w, https:\/\/purenourishbio.com\/wp-content\/uploads\/2025\/07\/function-ag-768x114.png 768w, https:\/\/purenourishbio.com\/wp-content\/uploads\/2025\/07\/function-ag-18x3.png 18w, https:\/\/purenourishbio.com\/wp-content\/uploads\/2025\/07\/function-ag-150x22.png 150w, https:\/\/purenourishbio.com\/wp-content\/uploads\/2025\/07\/function-ag.png 1170w\" sizes=\"(max-width: 1024px) 100vw, 1024px\" \/><\/p>\n<table style=\"height: 367px; width: 67.3735%; border-collapse: collapse; border-color: #080000; border-style: solid;\">\n<caption>\u00a0<\/caption>\n<tbody>\n<tr style=\"height: 24px;\">\n<td style=\"width: 99.5182%; height: 24px;\" colspan=\"3\">Laboratorio de pruebas: Alkemist Lab, Eurofins, etc.<\/td>\n<\/tr>\n<tr style=\"height: 24px;\">\n<td style=\"width: 99.5182%; height: 24px;\" colspan=\"3\">Elementos de prueba<\/td>\n<\/tr>\n<tr style=\"height: 24px;\">\n<td style=\"width: 28.9157%; height: 24px;\">IDENTIFICACI\u00d3N<\/td>\n<td style=\"width: 38.3133%; height: 24px;\">Agaricus Blazei<\/td>\n<td style=\"width: 32.2892%; height: 24px;\">Caracter\u00edstica<\/td>\n<\/tr>\n<tr style=\"height: 10px;\">\n<td style=\"height: 33px; width: 28.9157%;\" rowspan=\"2\">Ingredientes funcionales<\/td>\n<td style=\"width: 38.3133%; height: 10px;\"><strong>Beta glucano<span style=\"font-size: 10pt; color: #ff0000;\"> (NO cualquier transportista)<\/span><\/strong><\/td>\n<td style=\"width: 32.2892%; height: 10px;\">20%\u201340% <span style=\"font-size: 10pt;\">(Kit Megazyme K-YBGL)<\/span><\/td>\n<\/tr>\n<tr style=\"height: 23px;\">\n<td style=\"width: 38.3133%; height: 23px;\"><strong>Polisac\u00e1ridos<\/strong><\/td>\n<td style=\"width: 32.2892%; height: 23px;\">10%\u201350%<\/td>\n<\/tr>\n<tr style=\"height: 24px;\">\n<td style=\"width: 28.9157%; height: 96px;\" rowspan=\"4\">Metal pesado<\/td>\n<td style=\"width: 38.3133%; height: 24px;\">Plomo (Pb)<\/td>\n<td style=\"width: 32.2892%; height: 24px;\">&lt;1,0 mg\/kg<\/td>\n<\/tr>\n<tr style=\"height: 24px;\">\n<td style=\"width: 38.3133%; height: 24px;\">Ars\u00e9nico (As)<\/td>\n<td style=\"width: 32.2892%; height: 24px;\">&lt;1,0 mg\/kg<\/td>\n<\/tr>\n<tr style=\"height: 24px;\">\n<td style=\"width: 38.3133%; height: 24px;\">Cadmio (Cd)<\/td>\n<td style=\"width: 32.2892%; height: 24px;\">&lt;1,0 mg\/kg<\/td>\n<\/tr>\n<tr style=\"height: 24px;\">\n<td style=\"width: 38.3133%; height: 24px;\">Mercurio (Hg)<\/td>\n<td style=\"width: 32.2892%; height: 24px;\">&lt;0,1 mg\/kg<\/td>\n<\/tr>\n<tr style=\"height: 24px;\">\n<td style=\"width: 28.9157%; height: 24px;\">Pesticidas<\/td>\n<td style=\"width: 38.3133%; height: 24px;\">539 art\u00edculos de pesticidas<\/td>\n<td style=\"width: 32.2892%; height: 24px;\">Cumplir con los requisitos de la USP<\/td>\n<\/tr>\n<tr style=\"height: 24px;\">\n<td style=\"width: 28.9157%; height: 142px;\" rowspan=\"6\">Microbio<\/td>\n<td style=\"width: 38.3133%; height: 24px;\">Recuento total de placas<\/td>\n<td style=\"width: 32.2892%; height: 24px;\">&lt;3000 ufc\/g<\/td>\n<\/tr>\n<tr style=\"height: 24px;\">\n<td style=\"width: 38.3133%; height: 24px;\">Levadura y moho<\/td>\n<td style=\"width: 32.2892%; height: 24px;\">&lt;100 ufc\/g<\/td>\n<\/tr>\n<tr style=\"height: 22px;\">\n<td style=\"width: 38.3133%; height: 22px;\">Coliformes<\/td>\n<td style=\"width: 32.2892%; height: 22px;\">&lt;10 ufc\/g<\/td>\n<\/tr>\n<tr style=\"height: 24px;\">\n<td style=\"width: 38.3133%; height: 24px;\">E. coli.<\/td>\n<td style=\"width: 32.2892%; height: 24px;\">Negativo<\/td>\n<\/tr>\n<tr style=\"height: 24px;\">\n<td style=\"width: 38.3133%; height: 24px;\">Salmonela<\/td>\n<td style=\"width: 32.2892%; height: 24px;\">Negativo<\/td>\n<\/tr>\n<tr style=\"height: 24px;\">\n<td style=\"width: 38.3133%; height: 24px;\">Estafilococo \u00e1ureo<\/td>\n<td style=\"width: 32.2892%; height: 24px;\">Negativo<\/td>\n<\/tr>\n<\/tbody>\n<\/table>\n<p><span style=\"color: #ff6600;\"><strong>Informe de prueba<\/strong><\/span><\/p>\n<p><img decoding=\"async\" class=\"wp-image-1546\" src=\"https:\/\/purenourishbio.com\/wp-content\/uploads\/2025\/07\/6f9521bb991a42476fa7fc3de50c2ecf-1024x479.jpg\" alt=\"\" width=\"656\" height=\"307\" srcset=\"https:\/\/purenourishbio.com\/wp-content\/uploads\/2025\/07\/6f9521bb991a42476fa7fc3de50c2ecf-1024x479.jpg 1024w, https:\/\/purenourishbio.com\/wp-content\/uploads\/2025\/07\/6f9521bb991a42476fa7fc3de50c2ecf-300x140.jpg 300w, https:\/\/purenourishbio.com\/wp-content\/uploads\/2025\/07\/6f9521bb991a42476fa7fc3de50c2ecf-768x359.jpg 768w, https:\/\/purenourishbio.com\/wp-content\/uploads\/2025\/07\/6f9521bb991a42476fa7fc3de50c2ecf-1536x718.jpg 1536w, https:\/\/purenourishbio.com\/wp-content\/uploads\/2025\/07\/6f9521bb991a42476fa7fc3de50c2ecf-2048x957.jpg 2048w, https:\/\/purenourishbio.com\/wp-content\/uploads\/2025\/07\/6f9521bb991a42476fa7fc3de50c2ecf-18x8.jpg 18w, https:\/\/purenourishbio.com\/wp-content\/uploads\/2025\/07\/6f9521bb991a42476fa7fc3de50c2ecf-1200x561.jpg 1200w, https:\/\/purenourishbio.com\/wp-content\/uploads\/2025\/07\/6f9521bb991a42476fa7fc3de50c2ecf-150x70.jpg 150w\" sizes=\"(max-width: 656px) 100vw, 656px\" \/><\/p>\n<p><img decoding=\"async\" class=\"wp-image-1547\" src=\"https:\/\/purenourishbio.com\/wp-content\/uploads\/2025\/07\/5423e93266ff53995092ece4371df5a9-1024x457.jpg\" alt=\"\" width=\"657\" height=\"293\" srcset=\"https:\/\/purenourishbio.com\/wp-content\/uploads\/2025\/07\/5423e93266ff53995092ece4371df5a9-1024x457.jpg 1024w, https:\/\/purenourishbio.com\/wp-content\/uploads\/2025\/07\/5423e93266ff53995092ece4371df5a9-300x134.jpg 300w, https:\/\/purenourishbio.com\/wp-content\/uploads\/2025\/07\/5423e93266ff53995092ece4371df5a9-768x342.jpg 768w, https:\/\/purenourishbio.com\/wp-content\/uploads\/2025\/07\/5423e93266ff53995092ece4371df5a9-1536x685.jpg 1536w, https:\/\/purenourishbio.com\/wp-content\/uploads\/2025\/07\/5423e93266ff53995092ece4371df5a9-2048x913.jpg 2048w, https:\/\/purenourishbio.com\/wp-content\/uploads\/2025\/07\/5423e93266ff53995092ece4371df5a9-18x8.jpg 18w, https:\/\/purenourishbio.com\/wp-content\/uploads\/2025\/07\/5423e93266ff53995092ece4371df5a9-1200x535.jpg 1200w, https:\/\/purenourishbio.com\/wp-content\/uploads\/2025\/07\/5423e93266ff53995092ece4371df5a9-150x67.jpg 150w\" sizes=\"(max-width: 657px) 100vw, 657px\" \/><\/p>\n<p><img loading=\"lazy\" decoding=\"async\" class=\"wp-image-1548\" src=\"https:\/\/purenourishbio.com\/wp-content\/uploads\/2025\/07\/fb4d4a1409e5d7764362df1980393327-1024x571.jpg\" alt=\"\" width=\"658\" height=\"367\" srcset=\"https:\/\/purenourishbio.com\/wp-content\/uploads\/2025\/07\/fb4d4a1409e5d7764362df1980393327-1024x571.jpg 1024w, https:\/\/purenourishbio.com\/wp-content\/uploads\/2025\/07\/fb4d4a1409e5d7764362df1980393327-300x167.jpg 300w, https:\/\/purenourishbio.com\/wp-content\/uploads\/2025\/07\/fb4d4a1409e5d7764362df1980393327-768x428.jpg 768w, https:\/\/purenourishbio.com\/wp-content\/uploads\/2025\/07\/fb4d4a1409e5d7764362df1980393327-1536x856.jpg 1536w, https:\/\/purenourishbio.com\/wp-content\/uploads\/2025\/07\/fb4d4a1409e5d7764362df1980393327-18x10.jpg 18w, https:\/\/purenourishbio.com\/wp-content\/uploads\/2025\/07\/fb4d4a1409e5d7764362df1980393327-1200x669.jpg 1200w, https:\/\/purenourishbio.com\/wp-content\/uploads\/2025\/07\/fb4d4a1409e5d7764362df1980393327-150x84.jpg 150w, https:\/\/purenourishbio.com\/wp-content\/uploads\/2025\/07\/fb4d4a1409e5d7764362df1980393327.jpg 1944w\" sizes=\"(max-width: 658px) 100vw, 658px\" \/><\/p>","protected":false},"excerpt":{"rendered":"<p><span style=\"font-size: 14pt;\">El Agaricus blazei Murrill es un hongo valioso con un sabor delicioso y un alto valor comestible. Se puede usar tanto como alimento como medicina. Es beneficioso para los meridianos del coraz\u00f3n, los pulmones, el h\u00edgado y los ri\u00f1ones. Tiene un efecto protector sobre el h\u00edgado y los ri\u00f1ones y puede consumirse durante mucho tiempo. Gracias a sus especiales efectos beneficiosos para la salud, su doble efecto acondicionante puede activar el sistema inmunitario, fortalecer la base del cuerpo y restaurar un qi saludable. El Agaricus blazei Murrill puede promover la funci\u00f3n hematopoy\u00e9tica de la m\u00e9dula \u00f3sea humana.\u00a0<\/span><\/p>\n<p><img loading=\"lazy\" decoding=\"async\" class=\"alignleft size-full wp-image-1503\" src=\"https:\/\/purenourishbio.com\/wp-content\/uploads\/2025\/07\/\u8be6\u60c5\u9875-1024x108-1.webp\" alt=\"\" width=\"1024\" height=\"108\" srcset=\"https:\/\/purenourishbio.com\/wp-content\/uploads\/2025\/07\/\u8be6\u60c5\u9875-1024x108-1.webp 1024w, https:\/\/purenourishbio.com\/wp-content\/uploads\/2025\/07\/\u8be6\u60c5\u9875-1024x108-1-300x32.webp 300w, https:\/\/purenourishbio.com\/wp-content\/uploads\/2025\/07\/\u8be6\u60c5\u9875-1024x108-1-768x81.webp 768w, https:\/\/purenourishbio.com\/wp-content\/uploads\/2025\/07\/\u8be6\u60c5\u9875-1024x108-1-18x2.webp 18w, https:\/\/purenourishbio.com\/wp-content\/uploads\/2025\/07\/\u8be6\u60c5\u9875-1024x108-1-150x16.webp 150w\" sizes=\"(max-width: 1024px) 100vw, 1024px\" \/><\/p>","protected":false},"featured_media":1425,"comment_status":"open","ping_status":"closed","template":"","meta":[],"product_brand":[],"product_cat":[15],"product_tag":[],"class_list":{"0":"post-1172","1":"product","2":"type-product","3":"status-publish","4":"has-post-thumbnail","6":"product_cat-mushroom-extracts","8":"first","9":"instock","10":"featured","11":"shipping-taxable","12":"product-type-simple"},"_links":{"self":[{"href":"https:\/\/purenourishbio.com\/es\/wp-json\/wp\/v2\/product\/1172","targetHints":{"allow":["GET"]}}],"collection":[{"href":"https:\/\/purenourishbio.com\/es\/wp-json\/wp\/v2\/product"}],"about":[{"href":"https:\/\/purenourishbio.com\/es\/wp-json\/wp\/v2\/types\/product"}],"replies":[{"embeddable":true,"href":"https:\/\/purenourishbio.com\/es\/wp-json\/wp\/v2\/comments?post=1172"}],"wp:featuredmedia":[{"embeddable":true,"href":"https:\/\/purenourishbio.com\/es\/wp-json\/wp\/v2\/media\/1425"}],"wp:attachment":[{"href":"https:\/\/purenourishbio.com\/es\/wp-json\/wp\/v2\/media?parent=1172"}],"wp:term":[{"taxonomy":"product_brand","embeddable":true,"href":"https:\/\/purenourishbio.com\/es\/wp-json\/wp\/v2\/product_brand?post=1172"},{"taxonomy":"product_cat","embeddable":true,"href":"https:\/\/purenourishbio.com\/es\/wp-json\/wp\/v2\/product_cat?post=1172"},{"taxonomy":"product_tag","embeddable":true,"href":"https:\/\/purenourishbio.com\/es\/wp-json\/wp\/v2\/product_tag?post=1172"}],"curies":[{"name":"wp","href":"https:\/\/api.w.org\/{rel}","templated":true}]}}