{"id":906,"date":"2025-06-06T08:20:04","date_gmt":"2025-06-06T08:20:04","guid":{"rendered":"https:\/\/purenourishbio.com\/?page_id=906"},"modified":"2025-12-05T07:47:21","modified_gmt":"2025-12-05T07:47:21","slug":"quality","status":"publish","type":"page","link":"https:\/\/purenourishbio.com\/es\/quality\/","title":{"rendered":"Calidad"},"content":{"rendered":"<div data-elementor-type=\"wp-page\" data-elementor-id=\"906\" class=\"elementor elementor-906\" data-elementor-post-type=\"page\">\n\t\t\t\t<div class=\"wd-negative-gap elementor-element elementor-element-63f9893c wd-section-stretch-content e-flex e-con-boxed e-con e-parent\" data-id=\"63f9893c\" data-element_type=\"container\" data-e-type=\"container\" data-settings=\"{&quot;background_background&quot;:&quot;classic&quot;}\">\n\t\t\t\t\t<div class=\"e-con-inner\">\n\t\t\t\t<div class=\"elementor-element elementor-element-d6f0cb2 elementor--h-position-center elementor--v-position-middle elementor-arrows-position-inside elementor-pagination-position-inside elementor-widget elementor-widget-slides\" data-id=\"d6f0cb2\" data-element_type=\"widget\" data-e-type=\"widget\" data-settings=\"{&quot;navigation&quot;:&quot;both&quot;,&quot;autoplay&quot;:&quot;yes&quot;,&quot;pause_on_hover&quot;:&quot;yes&quot;,&quot;pause_on_interaction&quot;:&quot;yes&quot;,&quot;autoplay_speed&quot;:5000,&quot;infinite&quot;:&quot;yes&quot;,&quot;transition&quot;:&quot;slide&quot;,&quot;transition_speed&quot;:500}\" data-widget_type=\"slides.default\">\n\t\t\t\t<div class=\"elementor-widget-container\">\n\t\t\t\t\t\t\t\t\t<div class=\"elementor-swiper\">\n\t\t\t\t\t<div class=\"elementor-slides-wrapper elementor-main-swiper swiper\" role=\"region\" aria-roledescription=\"carousel\" aria-label=\"Diapositivas\" dir=\"ltr\" data-animation=\"fadeInUp\">\n\t\t\t\t<div class=\"swiper-wrapper elementor-slides\">\n\t\t\t\t\t\t\t\t\t\t<div class=\"elementor-repeater-item-3d1da33 swiper-slide\" role=\"group\" aria-roledescription=\"slide\"><div class=\"swiper-slide-bg\" role=\"img\" aria-label=\"chejian\"><\/div><div class=\"swiper-slide-inner\" ><div class=\"swiper-slide-contents\"><\/div><\/div><\/div>\t\t\t\t<\/div>\n\t\t\t\t\t\t\t<\/div>\n\t\t\t\t<\/div>\n\t\t\t\t\t\t\t\t<\/div>\n\t\t\t\t<\/div>\n\t\t\t\t\t<\/div>\n\t\t\t\t<\/div>\n\t\t<div class=\"wd-negative-gap elementor-element elementor-element-5f58370 wd-section-stretch e-flex e-con-boxed e-con e-parent\" data-id=\"5f58370\" data-element_type=\"container\" data-e-type=\"container\" data-settings=\"{&quot;background_background&quot;:&quot;classic&quot;}\">\n\t\t\t\t\t<div class=\"e-con-inner\">\n\t\t<div class=\"elementor-element elementor-element-c15b60b e-con-full e-flex e-con e-child\" data-id=\"c15b60b\" data-element_type=\"container\" data-e-type=\"container\" data-settings=\"{&quot;background_background&quot;:&quot;classic&quot;}\">\n\t\t\t\t<\/div>\n\t\t<div class=\"elementor-element elementor-element-f71f30d e-con-full e-flex e-con e-child\" data-id=\"f71f30d\" data-element_type=\"container\" data-e-type=\"container\">\n\t\t\t\t<div class=\"elementor-element elementor-element-0bc2b60 wd-width-100 elementor-widget elementor-widget-wd_title\" data-id=\"0bc2b60\" data-element_type=\"widget\" data-e-type=\"widget\" data-widget_type=\"wd_title.default\">\n\t\t\t\t<div class=\"elementor-widget-container\">\n\t\t\t\t\t\t\t<div class=\"title-wrapper wd-set-mb reset-last-child wd-title-color-white wd-title-style-default wd-title-size-default text-left\">\n\n\t\t\t\n\t\t\t<div class=\"liner-continer\">\n\t\t\t\t<h4 class=\"woodmart-title-container title wd-fontsize-l\">F\u00e1brica inteligente<\/h4> \n\t\t\t\t\t\t\t<\/div>\n\n\t\t\t\t\t\t\t<div class=\"title-after_title reset-last-child wd-fontsize-xs\">\n\t\t\t\t\t<p><span style=\"font-size: 14pt\">Tecnolog\u00eda de extracci\u00f3n avanzada. Patente de invenci\u00f3n para extracci\u00f3n: Tecnolog\u00eda de extracci\u00f3n molecular dirigida.<\/span><\/p>\t\t\t\t<\/div>\n\t\t\t\t\t<\/div>\n\t\t\t\t\t\t<\/div>\n\t\t\t\t<\/div>\n\t\t\t\t<div class=\"elementor-element elementor-element-6d768b1 elementor-widget elementor-widget-wd_text_block\" data-id=\"6d768b1\" data-element_type=\"widget\" data-e-type=\"widget\" data-widget_type=\"wd_text_block.default\">\n\t\t\t\t<div class=\"elementor-widget-container\">\n\t\t\t\t\t\t\t<div class=\"wd-text-block reset-last-child text-left color-scheme-light\">\n\t\t\t\n\t\t\t<p>Extracci\u00f3n de agua, extracci\u00f3n de etanol, extracci\u00f3n dual.<\/p><p>Concentraci\u00f3n a baja temperatura, concentraci\u00f3n de membrana.<\/p><p>La cantidad de producci\u00f3n anual alcanza las 3.000 toneladas de extracto\/polvo de hongos.<\/p>\n\t\t\t\t\t<\/div>\n\t\t\t\t\t\t<\/div>\n\t\t\t\t<\/div>\n\t\t\t\t<\/div>\n\t\t\t\t\t<\/div>\n\t\t\t\t<\/div>\n\t\t<div class=\"wd-negative-gap elementor-element elementor-element-cb0c2ef wd-section-stretch e-flex e-con-boxed e-con e-parent\" data-id=\"cb0c2ef\" data-element_type=\"container\" data-e-type=\"container\" data-settings=\"{&quot;background_background&quot;:&quot;classic&quot;}\">\n\t\t\t\t\t<div class=\"e-con-inner\">\n\t\t<div class=\"elementor-element elementor-element-66a077f e-con-full e-flex e-con e-child\" data-id=\"66a077f\" data-element_type=\"container\" data-e-type=\"container\">\n\t\t\t\t<div class=\"elementor-element elementor-element-99851d5 wd-width-100 elementor-widget elementor-widget-wd_title\" data-id=\"99851d5\" data-element_type=\"widget\" data-e-type=\"widget\" data-widget_type=\"wd_title.default\">\n\t\t\t\t<div class=\"elementor-widget-container\">\n\t\t\t\t\t\t\t<div class=\"title-wrapper wd-set-mb reset-last-child wd-title-color-white wd-title-style-default wd-title-size-default text-left\">\n\n\t\t\t\n\t\t\t<div class=\"liner-continer\">\n\t\t\t\t<h4 class=\"woodmart-title-container title wd-fontsize-l\">Investigaci\u00f3n y desarrollo<\/h4> \n\t\t\t\t\t\t\t<\/div>\n\n\t\t\t\t\t\t\t<div class=\"title-after_title reset-last-child wd-fontsize-xs\">\n\t\t\t\t\t<p><span style=\"font-size: 14pt\">Avances continuos en I+D e innovaci\u00f3n<\/span><\/p>\t\t\t\t<\/div>\n\t\t\t\t\t<\/div>\n\t\t\t\t\t\t<\/div>\n\t\t\t\t<\/div>\n\t\t\t\t<div class=\"elementor-element elementor-element-257dd7b elementor-widget elementor-widget-wd_text_block\" data-id=\"257dd7b\" data-element_type=\"widget\" data-e-type=\"widget\" data-widget_type=\"wd_text_block.default\">\n\t\t\t\t<div class=\"elementor-widget-container\">\n\t\t\t\t\t\t\t<div class=\"wd-text-block reset-last-child text-left color-scheme-light\">\n\t\t\t\n\t\t\t<p>Todos los hongos crecen en monta\u00f1as profundas con aire limpio y lluvias abundantes.<\/p><p>Disponemos de laboratorio propio con 20 personas.<\/p><p>Cooperamos con laboratorios de terceros para realizar pruebas, como Alkemis, Eurofins, Pony Test, Columbia Lab, Hunter Bio, etc.<\/p><p>Contamos con experimentos de eficacia en peces cebra para nuestros productos.<\/p><p>\u00a0<\/p>\n\t\t\t\t\t<\/div>\n\t\t\t\t\t\t<\/div>\n\t\t\t\t<\/div>\n\t\t\t\t<\/div>\n\t\t<div class=\"elementor-element elementor-element-535767a e-con-full e-flex e-con e-child\" data-id=\"535767a\" data-element_type=\"container\" data-e-type=\"container\" data-settings=\"{&quot;background_background&quot;:&quot;classic&quot;}\">\n\t\t\t\t<\/div>\n\t\t\t\t\t<\/div>\n\t\t\t\t<\/div>\n\t\t<div class=\"wd-negative-gap elementor-element elementor-element-0071169 wd-section-stretch e-flex e-con-boxed e-con e-parent\" data-id=\"0071169\" data-element_type=\"container\" data-e-type=\"container\" data-settings=\"{&quot;background_background&quot;:&quot;classic&quot;}\">\n\t\t\t\t\t<div class=\"e-con-inner\">\n\t\t\t\t<div class=\"elementor-element elementor-element-ac59a1b wd-width-100 elementor-widget elementor-widget-wd_title\" data-id=\"ac59a1b\" data-element_type=\"widget\" data-e-type=\"widget\" data-widget_type=\"wd_title.default\">\n\t\t\t\t<div class=\"elementor-widget-container\">\n\t\t\t\t\t\t\t<div class=\"title-wrapper wd-set-mb reset-last-child wd-title-color-white wd-title-style-default wd-title-size-default text-center\">\n\n\t\t\t\n\t\t\t<div class=\"liner-continer\">\n\t\t\t\t<h4 class=\"woodmart-title-container title wd-fontsize-l\">Equipo de I+D y laboratorios de cooperaci\u00f3n<\/h4> \n\t\t\t\t\t\t\t<\/div>\n\n\t\t\t\t\t<\/div>\n\t\t\t\t\t\t<\/div>\n\t\t\t\t<\/div>\n\t\t\t\t<div class=\"elementor-element elementor-element-9e91056 wd-width-100 elementor-widget elementor-widget-wd_images_gallery\" data-id=\"9e91056\" data-element_type=\"widget\" data-e-type=\"widget\" data-widget_type=\"wd_images_gallery.default\">\n\t\t\t\t<div class=\"elementor-widget-container\">\n\t\t\t\t\t\t\t<div class=\"wd-images-gallery\" style=\"--wd-align-items:center; --wd-justify-content:center;\">\n\t\t\t\t\t\t<div class=\"wd-grid-g\" style=\"--wd-col-lg:4;--wd-col-md:4;--wd-col-sm:1;--wd-gap-lg:10px;\" >\n\t\t\t\t\t\t\t\t\t\t\t\t\t\t\t\t\t\t<div class=\"wd-gallery-item wd-col\">\n\t\t\t\t\t\t\n\t\t\t\t\t\t<img decoding=\"async\" width=\"220\" height=\"100\" src=\"https:\/\/purenourishbio.com\/wp-content\/uploads\/2025\/10\/cb236e1ea57defc4f2caf34a33446b84.jpg\" class=\"attachment-medium_large size-medium_large\" alt=\"cb236e1ea57defc4f2caf34a33446b84\" srcset=\"https:\/\/purenourishbio.com\/wp-content\/uploads\/2025\/10\/cb236e1ea57defc4f2caf34a33446b84.jpg 220w, https:\/\/purenourishbio.com\/wp-content\/uploads\/2025\/10\/cb236e1ea57defc4f2caf34a33446b84-18x8.jpg 18w, https:\/\/purenourishbio.com\/wp-content\/uploads\/2025\/10\/cb236e1ea57defc4f2caf34a33446b84-150x68.jpg 150w\" sizes=\"(max-width: 220px) 100vw, 220px\" \/>\n\t\t\t\t\t\t\t\t\t\t\t<\/div>\n\t\t\t\t\t\t\t\t\t\t\t\t\t\t\t<div class=\"wd-gallery-item wd-col\">\n\t\t\t\t\t\t\n\t\t\t\t\t\t<img decoding=\"async\" width=\"220\" height=\"100\" src=\"https:\/\/purenourishbio.com\/wp-content\/uploads\/2025\/10\/5c98221f12c77ca6d8e4e33ba3905c37.jpg\" class=\"attachment-medium_large size-medium_large\" alt=\"5c98221f12c77ca6d8e4e33ba3905c37\" srcset=\"https:\/\/purenourishbio.com\/wp-content\/uploads\/2025\/10\/5c98221f12c77ca6d8e4e33ba3905c37.jpg 220w, https:\/\/purenourishbio.com\/wp-content\/uploads\/2025\/10\/5c98221f12c77ca6d8e4e33ba3905c37-18x8.jpg 18w, https:\/\/purenourishbio.com\/wp-content\/uploads\/2025\/10\/5c98221f12c77ca6d8e4e33ba3905c37-150x68.jpg 150w\" sizes=\"(max-width: 220px) 100vw, 220px\" \/>\n\t\t\t\t\t\t\t\t\t\t\t<\/div>\n\t\t\t\t\t\t\t\t\t\t\t\t\t\t\t<div class=\"wd-gallery-item wd-col\">\n\t\t\t\t\t\t\n\t\t\t\t\t\t<img decoding=\"async\" width=\"220\" height=\"100\" src=\"https:\/\/purenourishbio.com\/wp-content\/uploads\/2025\/10\/598278f40e7bc8eb751b0a3191a4ff5c.jpg\" class=\"attachment-medium_large size-medium_large\" alt=\"598278f40e7bc8eb751b0a3191a4ff5c\" srcset=\"https:\/\/purenourishbio.com\/wp-content\/uploads\/2025\/10\/598278f40e7bc8eb751b0a3191a4ff5c.jpg 220w, https:\/\/purenourishbio.com\/wp-content\/uploads\/2025\/10\/598278f40e7bc8eb751b0a3191a4ff5c-18x8.jpg 18w, https:\/\/purenourishbio.com\/wp-content\/uploads\/2025\/10\/598278f40e7bc8eb751b0a3191a4ff5c-150x68.jpg 150w\" sizes=\"(max-width: 220px) 100vw, 220px\" \/>\n\t\t\t\t\t\t\t\t\t\t\t<\/div>\n\t\t\t\t\t\t\t\t\t\t\t\t\t\t\t<div class=\"wd-gallery-item wd-col\">\n\t\t\t\t\t\t\n\t\t\t\t\t\t<img loading=\"lazy\" decoding=\"async\" width=\"559\" height=\"254\" src=\"https:\/\/purenourishbio.com\/wp-content\/uploads\/2025\/10\/a64d1769f0c2d532172d9599d91b8236.jpg\" class=\"attachment-medium_large size-medium_large\" alt=\"a64d1769f0c2d532172d9599d91b8236\" srcset=\"https:\/\/purenourishbio.com\/wp-content\/uploads\/2025\/10\/a64d1769f0c2d532172d9599d91b8236.jpg 559w, https:\/\/purenourishbio.com\/wp-content\/uploads\/2025\/10\/a64d1769f0c2d532172d9599d91b8236-300x136.jpg 300w, https:\/\/purenourishbio.com\/wp-content\/uploads\/2025\/10\/a64d1769f0c2d532172d9599d91b8236-18x8.jpg 18w, https:\/\/purenourishbio.com\/wp-content\/uploads\/2025\/10\/a64d1769f0c2d532172d9599d91b8236-150x68.jpg 150w\" sizes=\"(max-width: 559px) 100vw, 559px\" \/>\n\t\t\t\t\t\t\t\t\t\t\t<\/div>\n\t\t\t\t\t\t\t\t\t\t\t\t\t<\/div>\n\t\t\t\t\t<\/div>\n\t\t\t\t\t\t<\/div>\n\t\t\t\t<\/div>\n\t\t\t\t\t<\/div>\n\t\t\t\t<\/div>\n\t\t<div class=\"wd-negative-gap elementor-element elementor-element-2bf1678 wd-section-stretch e-flex e-con-boxed e-con e-parent\" data-id=\"2bf1678\" data-element_type=\"container\" data-e-type=\"container\" data-settings=\"{&quot;background_background&quot;:&quot;classic&quot;}\">\n\t\t\t\t\t<div class=\"e-con-inner\">\n\t\t<div class=\"elementor-element elementor-element-78e5c6f e-con-full e-flex e-con e-child\" data-id=\"78e5c6f\" data-element_type=\"container\" data-e-type=\"container\" data-settings=\"{&quot;background_background&quot;:&quot;classic&quot;}\">\n\t\t\t\t<div class=\"elementor-element elementor-element-b72458f elementor-widget elementor-widget-wd_image_or_svg\" data-id=\"b72458f\" data-element_type=\"widget\" data-e-type=\"widget\" data-widget_type=\"wd_image_or_svg.default\">\n\t\t\t\t<div class=\"elementor-widget-container\">\n\t\t\t\t\t\n\t\t<div class=\"wd-image text-left\">\n\t\t\t\t\t\t\t\t<img loading=\"lazy\" decoding=\"async\" width=\"2500\" height=\"1407\" src=\"https:\/\/purenourishbio.com\/wp-content\/uploads\/2025\/10\/92893ef2553dee90936688751807a2ac.jpg\" class=\"attachment-full size-full\" alt=\"\" srcset=\"https:\/\/purenourishbio.com\/wp-content\/uploads\/2025\/10\/92893ef2553dee90936688751807a2ac.jpg 2500w, https:\/\/purenourishbio.com\/wp-content\/uploads\/2025\/10\/92893ef2553dee90936688751807a2ac-300x169.jpg 300w, https:\/\/purenourishbio.com\/wp-content\/uploads\/2025\/10\/92893ef2553dee90936688751807a2ac-1024x576.jpg 1024w, https:\/\/purenourishbio.com\/wp-content\/uploads\/2025\/10\/92893ef2553dee90936688751807a2ac-768x432.jpg 768w, https:\/\/purenourishbio.com\/wp-content\/uploads\/2025\/10\/92893ef2553dee90936688751807a2ac-1536x864.jpg 1536w, https:\/\/purenourishbio.com\/wp-content\/uploads\/2025\/10\/92893ef2553dee90936688751807a2ac-2048x1153.jpg 2048w, https:\/\/purenourishbio.com\/wp-content\/uploads\/2025\/10\/92893ef2553dee90936688751807a2ac-18x10.jpg 18w, https:\/\/purenourishbio.com\/wp-content\/uploads\/2025\/10\/92893ef2553dee90936688751807a2ac-1200x675.jpg 1200w, https:\/\/purenourishbio.com\/wp-content\/uploads\/2025\/10\/92893ef2553dee90936688751807a2ac-150x84.jpg 150w\" sizes=\"(max-width: 2500px) 100vw, 2500px\" \/>\t\t\t\t\t<\/div>\n\n\t\t\t\t\t\t<\/div>\n\t\t\t\t<\/div>\n\t\t\t\t<\/div>\n\t\t<div class=\"elementor-element elementor-element-4b338e3 e-con-full e-flex e-con e-child\" data-id=\"4b338e3\" data-element_type=\"container\" data-e-type=\"container\">\n\t\t\t\t<div class=\"elementor-element elementor-element-ba6053a elementor-widget elementor-widget-wd_text_block\" data-id=\"ba6053a\" data-element_type=\"widget\" data-e-type=\"widget\" data-widget_type=\"wd_text_block.default\">\n\t\t\t\t<div class=\"elementor-widget-container\">\n\t\t\t\t\t\t\t<div class=\"wd-text-block reset-last-child text-left color-scheme-light\">\n\t\t\t\n\t\t\t<p>\u00a0Contamos con un laboratorio de f\u00f3rmulas profesional, un laboratorio de procesos y un centro de pruebas que cumple con los requisitos de los est\u00e1ndares CNAS.<\/p><p>Hemos pasado sucesivamente una serie de certificaciones, como FSSC 22000, EU Organic, US Organic, China Organic, KOSHER y HALAL.<\/p><p>Con su excelente capacidad de innovaci\u00f3n e I+D<\/p>\n\t\t\t\t\t<\/div>\n\t\t\t\t\t\t<\/div>\n\t\t\t\t<\/div>\n\t\t\t\t<\/div>\n\t\t\t\t\t<\/div>\n\t\t\t\t<\/div>\n\t\t<div class=\"wd-negative-gap elementor-element elementor-element-f0376d0 wd-section-stretch e-flex e-con-boxed e-con e-parent\" data-id=\"f0376d0\" data-element_type=\"container\" data-e-type=\"container\" data-settings=\"{&quot;background_background&quot;:&quot;classic&quot;}\">\n\t\t\t\t\t<div class=\"e-con-inner\">\n\t\t<div class=\"elementor-element elementor-element-c8eed6d e-con-full e-flex e-con e-child\" data-id=\"c8eed6d\" data-element_type=\"container\" data-e-type=\"container\">\n\t\t\t\t<div class=\"elementor-element elementor-element-a216093 wd-width-100 elementor-widget elementor-widget-wd_title\" data-id=\"a216093\" data-element_type=\"widget\" data-e-type=\"widget\" data-widget_type=\"wd_title.default\">\n\t\t\t\t<div class=\"elementor-widget-container\">\n\t\t\t\t\t\t\t<div class=\"title-wrapper wd-set-mb reset-last-child wd-title-color-white wd-title-style-default wd-title-size-default text-left\">\n\n\t\t\t\n\t\t\t<div class=\"liner-continer\">\n\t\t\t\t<h4 class=\"woodmart-title-container title wd-fontsize-l\"><\/h4> \n\t\t\t\t\t\t\t<\/div>\n\n\t\t\t\t\t<\/div>\n\t\t\t\t\t\t<\/div>\n\t\t\t\t<\/div>\n\t\t\t\t<\/div>\n\t\t\t\t\t<\/div>\n\t\t\t\t<\/div>\n\t\t<div class=\"wd-negative-gap elementor-element elementor-element-47a1d8b e-flex e-con-boxed e-con e-parent\" data-id=\"47a1d8b\" data-element_type=\"container\" data-e-type=\"container\">\n\t\t\t\t\t<div class=\"e-con-inner\">\n\t\t\t\t<div class=\"elementor-element elementor-element-75ef563 wd-width-100 elementor-widget elementor-widget-wd_title\" data-id=\"75ef563\" data-element_type=\"widget\" data-e-type=\"widget\" data-widget_type=\"wd_title.default\">\n\t\t\t\t<div class=\"elementor-widget-container\">\n\t\t\t\t\t\t\t<div class=\"title-wrapper wd-set-mb reset-last-child wd-title-color-default wd-title-style-default wd-title-size-default text-center\">\n\n\t\t\t\n\t\t\t<div class=\"liner-continer\">\n\t\t\t\t<h4 class=\"woodmart-title-container title wd-fontsize-l\">Gesti\u00f3n inteligente<\/h4> \n\t\t\t\t\t\t\t<\/div>\n\n\t\t\t\t\t\t\t<div class=\"title-after_title reset-last-child wd-fontsize-xs\">\n\t\t\t\t\t<p>Plataforma integrada de gesti\u00f3n de operaciones inteligentes<\/p>\t\t\t\t<\/div>\n\t\t\t\t\t<\/div>\n\t\t\t\t\t\t<\/div>\n\t\t\t\t<\/div>\n\t\t\t\t<div class=\"elementor-element elementor-element-19ce985 elementor-widget elementor-widget-wd_image_or_svg\" data-id=\"19ce985\" data-element_type=\"widget\" data-e-type=\"widget\" data-widget_type=\"wd_image_or_svg.default\">\n\t\t\t\t<div class=\"elementor-widget-container\">\n\t\t\t\t\t\n\t\t<div class=\"wd-image text-left\">\n\t\t\t\t\t\t\t\t<img loading=\"lazy\" decoding=\"async\" width=\"1588\" height=\"671\" src=\"https:\/\/purenourishbio.com\/wp-content\/uploads\/2025\/06\/a0725620-782f-4af3-9f91-a62e5f72851b.jpg_1920xaf.webp\" class=\"attachment-full size-full\" alt=\"\" srcset=\"https:\/\/purenourishbio.com\/wp-content\/uploads\/2025\/06\/a0725620-782f-4af3-9f91-a62e5f72851b.jpg_1920xaf.webp 1588w, https:\/\/purenourishbio.com\/wp-content\/uploads\/2025\/06\/a0725620-782f-4af3-9f91-a62e5f72851b.jpg_1920xaf-300x127.webp 300w, https:\/\/purenourishbio.com\/wp-content\/uploads\/2025\/06\/a0725620-782f-4af3-9f91-a62e5f72851b.jpg_1920xaf-1024x433.webp 1024w, https:\/\/purenourishbio.com\/wp-content\/uploads\/2025\/06\/a0725620-782f-4af3-9f91-a62e5f72851b.jpg_1920xaf-768x325.webp 768w, https:\/\/purenourishbio.com\/wp-content\/uploads\/2025\/06\/a0725620-782f-4af3-9f91-a62e5f72851b.jpg_1920xaf-1536x649.webp 1536w, https:\/\/purenourishbio.com\/wp-content\/uploads\/2025\/06\/a0725620-782f-4af3-9f91-a62e5f72851b.jpg_1920xaf-18x8.webp 18w, https:\/\/purenourishbio.com\/wp-content\/uploads\/2025\/06\/a0725620-782f-4af3-9f91-a62e5f72851b.jpg_1920xaf-1200x507.webp 1200w, https:\/\/purenourishbio.com\/wp-content\/uploads\/2025\/06\/a0725620-782f-4af3-9f91-a62e5f72851b.jpg_1920xaf-150x63.webp 150w\" sizes=\"(max-width: 1588px) 100vw, 1588px\" \/>\t\t\t\t\t<\/div>\n\n\t\t\t\t\t\t<\/div>\n\t\t\t\t<\/div>\n\t\t\t\t\t<\/div>\n\t\t\t\t<\/div>\n\t\t\t\t<\/div>","protected":false},"excerpt":{"rendered":"<p>Smart Factory Advanced extraction technology. Invention Patent for Extraction: Targeted Molecular Extraction Technology Water Extraction, Ethanol Extraction, Dual Extraction. Low-Temperature<\/p>","protected":false},"author":1,"featured_media":0,"parent":0,"menu_order":0,"comment_status":"closed","ping_status":"closed","template":"","meta":{"footnotes":""},"class_list":["post-906","page","type-page","status-publish","hentry"],"_links":{"self":[{"href":"https:\/\/purenourishbio.com\/es\/wp-json\/wp\/v2\/pages\/906","targetHints":{"allow":["GET"]}}],"collection":[{"href":"https:\/\/purenourishbio.com\/es\/wp-json\/wp\/v2\/pages"}],"about":[{"href":"https:\/\/purenourishbio.com\/es\/wp-json\/wp\/v2\/types\/page"}],"author":[{"embeddable":true,"href":"https:\/\/purenourishbio.com\/es\/wp-json\/wp\/v2\/users\/1"}],"replies":[{"embeddable":true,"href":"https:\/\/purenourishbio.com\/es\/wp-json\/wp\/v2\/comments?post=906"}],"version-history":[{"count":36,"href":"https:\/\/purenourishbio.com\/es\/wp-json\/wp\/v2\/pages\/906\/revisions"}],"predecessor-version":[{"id":1727,"href":"https:\/\/purenourishbio.com\/es\/wp-json\/wp\/v2\/pages\/906\/revisions\/1727"}],"wp:attachment":[{"href":"https:\/\/purenourishbio.com\/es\/wp-json\/wp\/v2\/media?parent=906"}],"curies":[{"name":"wp","href":"https:\/\/api.w.org\/{rel}","templated":true}]}}